{"id":1058,"date":"2023-01-22T14:35:51","date_gmt":"2023-01-22T13:35:51","guid":{"rendered":"https:\/\/joiedevivre.re\/?page_id=1058"},"modified":"2023-01-23T09:55:55","modified_gmt":"2023-01-23T08:55:55","slug":"nos-atelier-a-venir","status":"publish","type":"page","link":"https:\/\/joiedevivre.re\/?page_id=1058","title":{"rendered":"Nos ateliers \u00e0 venir"},"content":{"rendered":"\n<div class=\"row\"  id=\"row-547168365\">\n\n\n\t<div id=\"col-1553287529\" class=\"col small-12 large-12\"  >\n\t\t\t\t<div class=\"col-inner\"  >\n\t\t\t\n\t\t\t\n\n\t<div id=\"gap-1455524709\" class=\"gap-element clearfix\" style=\"display:block; height:auto;\">\n\t\t\n<style>\n#gap-1455524709 {\n  padding-top: 80px;\n}\n<\/style>\n\t<\/div>\n\t\n\n<div class=\"container section-title-container\" ><h3 class=\"section-title section-title-normal\"><b><\/b><span class=\"section-title-main\" >Nos ateliers \u00e0 venir<\/span><b><\/b><\/h3><\/div>\n\n<div class=\"row\"  id=\"row-1337482267\">\n\n\n\t<div id=\"col-479960397\" class=\"col small-12 large-12\"  >\n\t\t\t\t<div class=\"col-inner\"  >\n\t\t\t\n\t\t\t\n\n<p>Nous aimerions mettre en place de nombreux ateliers, et pour cela, nous avons besoin de suffisamment de personnes int\u00e9ress\u00e9es. Ainsi, nous souhaiterions recenser les familles, afin d\u2019\u00e9valuer la pertinence de sa mise en place.<\/p>\n<p>Si vous \u00eates int\u00e9ress\u00e9 par les ateliers propos\u00e9s ci-dessous, inscrivez simplement votre nom sur notre liste, sans engagement, et nous vous informerons d\u00e8s que nous aurons suffisamment de participants pour un groupe complet.<\/p>\n\n\n\t\t<\/div>\n\t\t\t\t\t<\/div>\n\n\t\n\n<\/div>\n<div class=\"row\"  id=\"row-790122395\">\n\n\n\t<div id=\"col-934238623\" class=\"col medium-6 small-12 large-6\"  >\n\t\t\t\t<div class=\"col-inner text-center\"  >\n\t\t\t\n\t\t\t\n\n\t<div class=\"img has-hover x md-x lg-x y md-y lg-y\" id=\"image_688653300\">\n\t\t<a class=\"\" href=\"#atelier\" >\t\t\t\t\t\t<div class=\"img-inner box-shadow-1 box-shadow-4-hover dark\" >\n\t\t\t<img loading=\"lazy\" decoding=\"async\" width=\"940\" height=\"788\" src=\"https:\/\/joiedevivre.re\/wp-content\/uploads\/2023\/01\/theatre.jpeg\" class=\"attachment-large size-large\" alt=\"\" srcset=\"https:\/\/joiedevivre.re\/wp-content\/uploads\/2023\/01\/theatre.jpeg 940w, https:\/\/joiedevivre.re\/wp-content\/uploads\/2023\/01\/theatre-300x251.jpeg 300w, https:\/\/joiedevivre.re\/wp-content\/uploads\/2023\/01\/theatre-768x644.jpeg 768w\" sizes=\"auto, (max-width: 940px) 100vw, 940px\" \/>\t\t\t\t\t\t\n\t\t\t\t\t<\/div>\n\t\t\t\t\t\t<\/a>\t\t\n<style>\n#image_688653300 {\n  width: 100%;\n}\n<\/style>\n\t<\/div>\n\t\n\n\t<div id=\"text-2611266804\" class=\"text\">\n\t\t\n\n<p style=\"font-size:1.2rem\">\ud83c\udfad <strong>Atelier th\u00e9\u00e2tre pour enfants<\/strong><\/p>\n<p>L\u2019association La Kaz Joie de Vivre a la possibilit\u00e9 de mettre en place une session d\u2019initiation au th\u00e9\u00e2tre et \u00e0 l\u2019expression corporelle pour enfants avec Muriel de ARTISTIK<\/p>\n<p>Nous souhaiterions recenser les familles int\u00e9ress\u00e9es afin d\u2019\u00e9valuer la pertinence de sa mise en place.<\/p>\n<p>Les enfants pourront d\u00e9velopper l&rsquo;\u00e9coute, la confiance en soi, la cr\u00e9ativit\u00e9, la concentration, la m\u00e9morisation, l&rsquo;aisance relationnelle, la gestion du stress et surtout S&rsquo;AMUSER!!! \ud83e\udd73<\/p>\n<p>\ud83d\udd50 Mardi matin : s\u00e9ance d\u20191h (horaire \u00e0 d\u00e9finir)<\/p>\n<p>Engagement sur 15 s\u00e9ances 1 fois\/ semaine<\/p>\n<p>\ud83d\udccd Maison de quartier de Camp Magloire \u00e0 la Possession (Rue Valentin Abral 97419 Possession)<\/p>\n<p>Public : enfants de 3,5 ans \u00e0 10 ans<\/p>\n<p>\u20ac : 7 \u20ac +\/- 2 euros\/ s\u00e9ance\/ participants selon le nombre d&rsquo;inscrits<\/p>\n<p>Si vous \u00eates int\u00e9ress\u00e9(e), faites-le nous savoir via le lien Hello Asso et nous vous tiendrons inform\u00e9 de la mise en place de cette session : https:\/\/www.helloasso.com\/associations\/la-kaz-joie-de-vivre\/evenements\/initiation-theatre<\/p>\n<p>Afin d&rsquo;optimiser le d\u00e9placement des familles, nous pouvons imaginer ensuite :<\/p>\n<p>&#8211; d&rsquo;organiser ensemble un temps d&rsquo;activit\u00e9s avec les enfants et les parents<\/p>\n<p>&#8211; de permettre aux enfants de s&rsquo;amuser ensemble pendant que les parents papotent<\/p>\n<p>Et possibilit\u00e9 que chacun ram\u00e8ne son repas afin de manger ensemble le midi.<\/p>\n\n\t\t\n<style>\n#text-2611266804 {\n  text-align: left;\n}\n<\/style>\n\t<\/div>\n\t\n\t<div id=\"text-409794660\" class=\"text\">\n\t\t\n\n\n\t\t\n<style>\n#text-409794660 {\n  text-align: left;\n}\n<\/style>\n\t<\/div>\n\t\n\t<div id=\"text-3141983799\" class=\"text hidden\">\n\t\t\n\n\t<div id=\"atelier\"\n\t     class=\"lightbox-by-id lightbox-content mfp-hide lightbox-white \"\n\t     style=\"max-width:600px ;padding:20px\">\n\t\t    <script type=\"text\/javascript\">\n        jQuery(document).on('gform_post_render', function(){\n            \/* apply only to a input with a class of gf_readonly *\/\n            jQuery(\".gf_readonly input\").attr(\"readonly\",\"readonly\");\n        });\n    <\/script>\n    <script type=\"text\/javascript\">var gform;gform||(document.addEventListener(\"gform_main_scripts_loaded\",function(){gform.scriptsLoaded=!0}),window.addEventListener(\"DOMContentLoaded\",function(){gform.domLoaded=!0}),gform={domLoaded:!1,scriptsLoaded:!1,initializeOnLoaded:function(o){gform.domLoaded&&gform.scriptsLoaded?o():!gform.domLoaded&&gform.scriptsLoaded?window.addEventListener(\"DOMContentLoaded\",o):document.addEventListener(\"gform_main_scripts_loaded\",o)},hooks:{action:{},filter:{}},addAction:function(o,n,r,t){gform.addHook(\"action\",o,n,r,t)},addFilter:function(o,n,r,t){gform.addHook(\"filter\",o,n,r,t)},doAction:function(o){gform.doHook(\"action\",o,arguments)},applyFilters:function(o){return gform.doHook(\"filter\",o,arguments)},removeAction:function(o,n){gform.removeHook(\"action\",o,n)},removeFilter:function(o,n,r){gform.removeHook(\"filter\",o,n,r)},addHook:function(o,n,r,t,i){null==gform.hooks[o][n]&&(gform.hooks[o][n]=[]);var e=gform.hooks[o][n];null==i&&(i=n+\"_\"+e.length),gform.hooks[o][n].push({tag:i,callable:r,priority:t=null==t?10:t})},doHook:function(n,o,r){var t;if(r=Array.prototype.slice.call(r,1),null!=gform.hooks[n][o]&&((o=gform.hooks[n][o]).sort(function(o,n){return o.priority-n.priority}),o.forEach(function(o){\"function\"!=typeof(t=o.callable)&&(t=window[t]),\"action\"==n?t.apply(null,r):r[0]=t.apply(null,r)})),\"filter\"==n)return r[0]},removeHook:function(o,n,t,i){var r;null!=gform.hooks[o][n]&&(r=(r=gform.hooks[o][n]).filter(function(o,n,r){return!!(null!=i&&i!=o.tag||null!=t&&t!=o.priority)}),gform.hooks[o][n]=r)}});<\/script>\n                <div class='gf_browser_gecko gform_wrapper gravity-theme' id='gform_wrapper_2' >\n                        <div class='gform_heading'>\n                            <h2 class=\"gform_title\">Pr\u00e9inscription Atelier<\/h2>\n                            <span class='gform_description'><\/span>\n                        <\/div><form method='post' enctype='multipart\/form-data'  id='gform_2'  action='\/index.php?rest_route=%2Fwp%2Fv2%2Fpages%2F1058' novalidate>\n                        <div class='gform_body gform-body'><div id='gform_fields_2' class='gform_fields top_label form_sublabel_below description_below'><div id=\"field_2_3\"  class=\"gfield gfield--width-full gf_readonly field_sublabel_below field_description_below gfield_visibility_visible\"  data-js-reload=\"field_2_3\"><label class='gfield_label' for='input_2_3' >Inscription pour l&#039;atelier :<\/label><div class='ginput_container ginput_container_text'><input name='input_3' id='input_2_3' type='text' value='Theatre enfants' class='large'      aria-invalid=\"false\"   \/> <\/div><\/div><div id=\"field_2_4\"  class=\"gfield gfield--width-half field_sublabel_below field_description_below gfield_visibility_visible\"  data-js-reload=\"field_2_4\"><label class='gfield_label' for='input_2_4' >Votre nom<\/label><div class='ginput_container ginput_container_post_title'>\n\t\t\t\t\t<input name='input_4' id='input_2_4' type='text' value='' class='large'    aria-invalid=\"false\"  \/>\n\t\t\t\t<\/div><\/div><div id=\"field_2_1\"  class=\"gfield gfield--width-half field_sublabel_below field_description_below gfield_visibility_visible\"  data-js-reload=\"field_2_1\"><label class='gfield_label' for='input_2_1' >Votre email ou num\u00e9ro de t\u00e9l\u00e9phone<\/label><div class='ginput_container ginput_container_text'><input name='input_1' id='input_2_1' type='text' value='' class='large'  aria-describedby=\"gfield_description_2_1\"    aria-invalid=\"false\"   \/> <\/div><div class='gfield_description' id='gfield_description_2_1'>Afin de vous tenir inform\u00e9 des prochaines dates de cet atelier<\/div><\/div><div id=\"field_2_5\"  class=\"gfield gfield--width-full field_sublabel_below field_description_below gfield_visibility_visible\"  data-js-reload=\"field_2_5\"><label class='gfield_label' for='input_2_5' >Commentaires<\/label><div class='ginput_container ginput_container_textarea'><textarea name='input_5' id='input_2_5' class='textarea small'  aria-describedby=\"gfield_description_2_5\"    aria-invalid=\"false\"   rows='10' cols='50'><\/textarea><\/div><div class='gfield_description' id='gfield_description_2_5'>Ajouter ici vos commentaires : \"Je ne suis disponible que les apr\u00e8s-midi  \/J'ai plusieurs enfants \u00e0 inscrire\"<\/div><\/div><\/div><\/div>\n        <div class='gform_footer top_label'> <input type='submit' id='gform_submit_button_2' class='gform_button button' value='Envoyer'  onclick='if(window[\"gf_submitting_2\"]){return false;}  if( !jQuery(\"#gform_2\")[0].checkValidity || jQuery(\"#gform_2\")[0].checkValidity()){window[\"gf_submitting_2\"]=true;}  ' onkeypress='if( event.keyCode == 13 ){ if(window[\"gf_submitting_2\"]){return false;} if( !jQuery(\"#gform_2\")[0].checkValidity || jQuery(\"#gform_2\")[0].checkValidity()){window[\"gf_submitting_2\"]=true;}  jQuery(\"#gform_2\").trigger(\"submit\",[true]); }' \/> \n            <input type='hidden' class='gform_hidden' name='is_submit_2' value='1' \/>\n            <input type='hidden' class='gform_hidden' name='gform_submit' value='2' \/>\n            \n            <input type='hidden' class='gform_hidden' name='gform_unique_id' value='' \/>\n            <input type='hidden' class='gform_hidden' name='state_2' value='WyJbXSIsImI5ZjdjYmE1ZjQ1MTg3MWEyZjVhYThhZTdmYTA1YmI2Il0=' \/>\n            <input type='hidden' class='gform_hidden' name='gform_target_page_number_2' id='gform_target_page_number_2' value='0' \/>\n            <input type='hidden' class='gform_hidden' name='gform_source_page_number_2' id='gform_source_page_number_2' value='1' \/>\n            <input type='hidden' name='gform_field_values' value='atelier=Theatre+enfants' \/>\n            \n        <\/div>\n                        <\/form>\n                        <\/div>\t<\/div>\n\t\n\t\n\n\t\t\t<\/div>\n\t\n<a href=\"https:\/\/www.helloasso.com\/associations\/la-kaz-joie-de-vivre\/evenements\/initiation-theatre\" target=\"_blank\" class=\"button primary\" rel=\"noopener\"  >\n\t\t<span>Pr\u00e9inscription<\/span>\n\t<\/a>\n\n\n\n\t\t<\/div>\n\t\t\t\t\t<\/div>\n\n\t\n\n\t<div id=\"col-755549024\" class=\"col medium-6 small-12 large-6\"  >\n\t\t\t\t<div class=\"col-inner text-center\"  >\n\t\t\t\n\t\t\t\n\n\t<div class=\"img has-hover x md-x lg-x y md-y lg-y\" id=\"image_759497445\">\n\t\t<a class=\"\" href=\"#peinture\" >\t\t\t\t\t\t<div class=\"img-inner box-shadow-1 box-shadow-4-hover dark\" >\n\t\t\t<img loading=\"lazy\" decoding=\"async\" width=\"940\" height=\"788\" src=\"https:\/\/joiedevivre.re\/wp-content\/uploads\/2023\/01\/kurmaLoka.jpeg\" class=\"attachment-large size-large\" alt=\"\" srcset=\"https:\/\/joiedevivre.re\/wp-content\/uploads\/2023\/01\/kurmaLoka.jpeg 940w, https:\/\/joiedevivre.re\/wp-content\/uploads\/2023\/01\/kurmaLoka-300x251.jpeg 300w, https:\/\/joiedevivre.re\/wp-content\/uploads\/2023\/01\/kurmaLoka-768x644.jpeg 768w\" sizes=\"auto, (max-width: 940px) 100vw, 940px\" \/>\t\t\t\t\t\t\n\t\t\t\t\t<\/div>\n\t\t\t\t\t\t<\/a>\t\t\n<style>\n#image_759497445 {\n  width: 100%;\n}\n<\/style>\n\t<\/div>\n\t\n\n\t<div id=\"text-1389281989\" class=\"text\">\n\t\t\n\n<p style=\"font-size:1.2rem\"><strong>\ud83e\udd29 Atelier bien-\u00eatre \ud83c\udf3f et connaissance de soi \ud83c\udf31 pour enfants<\/strong><\/p>\n<p>L\u2019association La Kaz Joie de Vivre a la possibilit\u00e9 de mettre en place une\/ des session(s) de 5\ufe0f\u20e3 ateliers pour enfants avec Kurma Loka.<\/p>\n<p>Ces ateliers seront anim\u00e9s par un membre de Kurma Loka afin d\u2019exp\u00e9rimenter la connaissance de soi \ud83c\udf31 pour d\u00e9velopper des comp\u00e9tences qui permettent \u00e0 votre enfant de se mettre dans les meilleures conditions \ud83c\udf1ed\u2019apprentissage et d\u2019aborder plus sereinement \ud83d\ude42 les \u00e9tapes de la vie, \u00e0 travers des pratiques ludiques.<\/p>\n<p>Nous souhaiterions recenser les familles int\u00e9ress\u00e9es afin d\u2019\u00e9valuer la pertinence de sa mise en place.<\/p>\n<p>\ud83d\udd50 Mardi matin : s\u00e9ance d\u20191h30 \u00e0 2h selon le nombre de groupes \u00e0 mettre en place (1 groupe 6-10 ans et\/ ou 1 groupe 11- 16 ans)<\/p>\n<p>Engagement sur 5\ufe0f\u20e3  s\u00e9ances 1 fois\/ semaine ou toutes les 2 semaines selon le nombre de groupes \u00e0 mettre en place.<\/p>\n<p>\ud83d\udccd Maison de quartier de Camp Magloire \u00e0 la Possession (Rue Valentin Abral 97419 Possession)<\/p>\n<p>\u20ac : Participation libre \u00e0 remettre directement \u00e0 l\u2019intervenant.<\/p>\n<p>\ud83c\udf1f une offre exceptionnelle et unique : des ateliers professionnels avec une intervenante qualifi\u00e9e en de nombreuses pratiques .<\/p>\n<p>Pour plus d\u2019informations sur les activit\u00e9s propos\u00e9es \u00e0 Kurma Loka : https:\/\/kurmaloka.com\/<\/p>\n<p>Et https:\/\/kurmaloka.com\/concept\/<\/p>\n<p>Si vous \u00eates int\u00e9ress\u00e9(e), faites-le nous savoir via le lien Hello Asso et nous vous tiendrons inform\u00e9 de la mise en place de cette session: https:\/\/www.helloasso.com\/associations\/la-kaz-joie-de-vivre\/evenements\/ateliers-connaissance-de-soi-pour-enfants<\/p>\n<p>Afin d&rsquo;optimiser le d\u00e9placement des familles, nous pouvons imaginer ensuite :<\/p>\n<p>&#8211; d&rsquo;organiser ensemble un temps d&rsquo;activit\u00e9s avec les enfants et les parents<\/p>\n<p>&#8211; de permettre aux enfants de s&rsquo;amuser ensemble pendant que les parents papotent<\/p>\n<p>Et possibilit\u00e9 que chacun ram\u00e8ne son repas afin de manger ensemble le midi.<\/p>\n\n\t\t\n<style>\n#text-1389281989 {\n  text-align: left;\n}\n<\/style>\n\t<\/div>\n\t\n<a href=\"https:\/\/www.helloasso.com\/associations\/la-kaz-joie-de-vivre\/evenements\/ateliers-connaissance-de-soi-pour-enfants\" target=\"_blank\" class=\"button primary\" rel=\"noopener\"  >\n\t\t<span>Pr\u00e9inscription<\/span>\n\t<\/a>\n\n\n\n\t\t<\/div>\n\t\t\t\t\t<\/div>\n\n\t\n\n<\/div>\n\n\t\t<\/div>\n\t\t\t\t\t<\/div>\n\n\t\n\n<\/div>\n<div class=\"row row-collapse align-equal align-center\"  id=\"row-656763363\">\n\n\n\t<div id=\"col-663679532\" class=\"col small-12 large-12\"  >\n\t\t\t\t<div class=\"col-inner\"  >\n\t\t\t\n\t\t\t\n\n<p style=\"text-align: center;\">\n\n\t<section class=\"section dark\" id=\"section_857534988\">\n\t\t<div class=\"section-bg fill\" >\n\t\t\t\t\t\t\t\t\t\n\t\t\t\n\n\t\t<\/div>\n\n\t\t\n\n\t\t<div class=\"section-content relative\">\n\t\t\t\n\n<\/p>\n<p style=\"text-align: center;\">\n<div class=\"row\"  id=\"row-657844188\">\n\n<\/p>\n<p style=\"text-align: center;\">\n\n\t<div id=\"col-1912096275\" class=\"col medium-11 small-12 large-11\"  >\n\t\t\t\t<div class=\"col-inner\"  >\n\t\t\t\n\t\t\t\n\n<\/p>\n<h3 style=\"text-align: center;\">Inscrivez-vous \u00e0 notre newsletter pour rester inform\u00e9<\/h3>\n<p style=\"text-align: center;\">Si vous souhaitez en savoir plus sur la Kaz Joie de Vivre, nos horaires, programme, et informations, inscrivez-vous d\u00e8s maintenant !<\/p>\n<p style=\"text-align: center;\">\n\n<div class=\"wpcf7 no-js\" id=\"wpcf7-f131-o1\" lang=\"fr-FR\" dir=\"ltr\" data-wpcf7-id=\"131\">\n<div class=\"screen-reader-response\"><p role=\"status\" aria-live=\"polite\" aria-atomic=\"true\"><\/p> <ul><\/ul><\/div>\n<form action=\"\/index.php?rest_route=%2Fwp%2Fv2%2Fpages%2F1058#wpcf7-f131-o1\" method=\"post\" class=\"wpcf7-form init\" aria-label=\"Formulaire de contact\" novalidate=\"novalidate\" data-status=\"init\">\n<fieldset class=\"hidden-fields-container\"><input type=\"hidden\" name=\"_wpcf7\" value=\"131\" \/><input type=\"hidden\" name=\"_wpcf7_version\" value=\"6.1.5\" \/><input type=\"hidden\" name=\"_wpcf7_locale\" value=\"fr_FR\" \/><input type=\"hidden\" name=\"_wpcf7_unit_tag\" value=\"wpcf7-f131-o1\" \/><input type=\"hidden\" name=\"_wpcf7_container_post\" value=\"0\" \/><input type=\"hidden\" name=\"_wpcf7_posted_data_hash\" value=\"\" \/><input type=\"hidden\" name=\"_wpcf7_recaptcha_response\" value=\"\" \/>\n<\/fieldset>\n<div class=\"flex-row form-flat medium-flex-wrap\">\n\t<div class=\"flex-col flex-grow\">\n\t\t<p><span class=\"wpcf7-form-control-wrap\" data-name=\"your-email\"><input size=\"40\" maxlength=\"400\" class=\"wpcf7-form-control wpcf7-email wpcf7-validates-as-required wpcf7-text wpcf7-validates-as-email\" aria-required=\"true\" aria-invalid=\"false\" placeholder=\"Votre adresse email (requis)\" value=\"\" type=\"email\" name=\"your-email\" \/><\/span>\n\t\t<\/p>\n\t<\/div>\n\t<div class=\"flex-col ml-half\">\n\t\t<p><input class=\"wpcf7-form-control wpcf7-submit has-spinner button\" type=\"submit\" value=\"S&#039;inscrire \u00e0 la newsletter\" \/>\n\t\t<\/p>\n\t<\/div>\n<\/div><div class=\"wpcf7-response-output\" aria-hidden=\"true\"><\/div>\n<\/form>\n<\/div>\n\n\n<\/p>\n<p style=\"text-align: center;\">\n\n\t\t<\/div>\n\t\t\t\t\t<\/div>\n\n\t\n<\/p>\n<p style=\"text-align: center;\">\n\n<\/div>\n<\/p>\n<p style=\"text-align: center;\">\n\n\t\t<\/div>\n\n\t\t\n<style>\n#section_857534988 {\n  padding-top: 30px;\n  padding-bottom: 30px;\n  background-color: #3b9db8;\n}\n<\/style>\n\t<\/section>\n\t\n<\/p>\n\n\t\t<\/div>\n\t\t\t\t\t<\/div>\n\n\t\n\n\n<style>\n#row-656763363 > .col > .col-inner {\n  background-color: rgb(59, 157, 184);\n}\n<\/style>\n<\/div>\n\n\n\t<section class=\"section has-parallax\" id=\"section_25870145\">\n\t\t<div class=\"section-bg fill\" data-parallax-container=\".section\" data-parallax-background data-parallax=\"-2\">\n\t\t\t<img loading=\"lazy\" decoding=\"async\" width=\"2000\" height=\"1333\" src=\"https:\/\/joiedevivre.re\/wp-content\/uploads\/2022\/09\/child-adult-holding-money-jar-donation-saving-concept_49149-1117.webp\" class=\"bg\" alt=\"\" srcset=\"https:\/\/joiedevivre.re\/wp-content\/uploads\/2022\/09\/child-adult-holding-money-jar-donation-saving-concept_49149-1117.webp 2000w, https:\/\/joiedevivre.re\/wp-content\/uploads\/2022\/09\/child-adult-holding-money-jar-donation-saving-concept_49149-1117-300x200.webp 300w, https:\/\/joiedevivre.re\/wp-content\/uploads\/2022\/09\/child-adult-holding-money-jar-donation-saving-concept_49149-1117-1024x682.webp 1024w, https:\/\/joiedevivre.re\/wp-content\/uploads\/2022\/09\/child-adult-holding-money-jar-donation-saving-concept_49149-1117-768x512.webp 768w, https:\/\/joiedevivre.re\/wp-content\/uploads\/2022\/09\/child-adult-holding-money-jar-donation-saving-concept_49149-1117-1536x1024.webp 1536w\" sizes=\"auto, (max-width: 2000px) 100vw, 2000px\" \/>\t\t\t\t\t\t\n\t\t\t\n\n\t\t<\/div>\n\n\t\t\n\n\t\t<div class=\"section-content relative\">\n\t\t\t\n\n<div class=\"row\"  id=\"row-8214365\">\n\n\n\t<div id=\"col-2141451851\" class=\"col medium-5 small-12 large-5\"  >\n\t\t\t\t<div class=\"col-inner text-center\"  >\n\t\t\t\n\t\t\t\n\n\t<div id=\"text-2141972670\" class=\"text\">\n\t\t\n\n<p>Si vous aimez nos prestations et travaux de La Kaz Joie de Vivre, faites un don d\u00e8s maintenant ! Vous nous aiderez \u00e0 maintenir les ateliers \"pour tous\"<\/p>\n\n\t\t\n<style>\n#text-2141972670 {\n  color: rgb(0,0,0);\n}\n#text-2141972670 > * {\n  color: rgb(0,0,0);\n}\n<\/style>\n\t<\/div>\n\t\n<a href=\"https:\/\/www.helloasso.com\/associations\/la-kaz-joie-de-vivre\/formulaires\/3\" target=\"_blank\" class=\"button primary reveal-icon\" rel=\"noopener\"  >\n\t\t<span>FAIRE un don<\/span>\n\t<i class=\"icon-heart\" aria-hidden=\"true\" ><\/i><\/a>\n\n\n\n\t\t<\/div>\n\t\t\t\t\t<\/div>\n\n\t\n\n<\/div>\n\n\t\t<\/div>\n\n\t\t\n<style>\n#section_25870145 {\n  padding-top: 126px;\n  padding-bottom: 126px;\n}\n<\/style>\n\t<\/section>\n\t\n\n\n","protected":false},"excerpt":{"rendered":"","protected":false},"author":2,"featured_media":0,"parent":0,"menu_order":0,"comment_status":"closed","ping_status":"closed","template":"page-blank.php","meta":{"inline_featured_image":false,"footnotes":""},"class_list":["post-1058","page","type-page","status-publish","hentry"],"_links":{"self":[{"href":"https:\/\/joiedevivre.re\/index.php?rest_route=\/wp\/v2\/pages\/1058","targetHints":{"allow":["GET"]}}],"collection":[{"href":"https:\/\/joiedevivre.re\/index.php?rest_route=\/wp\/v2\/pages"}],"about":[{"href":"https:\/\/joiedevivre.re\/index.php?rest_route=\/wp\/v2\/types\/page"}],"author":[{"embeddable":true,"href":"https:\/\/joiedevivre.re\/index.php?rest_route=\/wp\/v2\/users\/2"}],"replies":[{"embeddable":true,"href":"https:\/\/joiedevivre.re\/index.php?rest_route=%2Fwp%2Fv2%2Fcomments&post=1058"}],"version-history":[{"count":44,"href":"https:\/\/joiedevivre.re\/index.php?rest_route=\/wp\/v2\/pages\/1058\/revisions"}],"predecessor-version":[{"id":1117,"href":"https:\/\/joiedevivre.re\/index.php?rest_route=\/wp\/v2\/pages\/1058\/revisions\/1117"}],"wp:attachment":[{"href":"https:\/\/joiedevivre.re\/index.php?rest_route=%2Fwp%2Fv2%2Fmedia&parent=1058"}],"curies":[{"name":"wp","href":"https:\/\/api.w.org\/{rel}","templated":true}]}}