{"id":112,"date":"2020-10-25T22:50:15","date_gmt":"2020-10-25T21:50:15","guid":{"rendered":"https:\/\/joiedevivre.re\/?page_id=112"},"modified":"2025-06-17T21:17:35","modified_gmt":"2025-06-17T19:17:35","slug":"adherer-a-la-kaz-joie-de-vivre","status":"publish","type":"page","link":"https:\/\/joiedevivre.re\/?page_id=112","title":{"rendered":"Adh\u00e9rer \u00e0 la Kaz Joie de Vivre"},"content":{"rendered":"\n<div class=\"container section-title-container\" ><h3 class=\"section-title section-title-normal\"><b><\/b><span class=\"section-title-main\" >Adh\u00e9rer \u00e0 la Kaz Joie de Vivre<\/span><b><\/b><\/h3><\/div>\n\n<div class=\"row\"  id=\"row-337477489\">\n\n\n\t<div id=\"col-420903975\" class=\"col medium-5 small-12 large-5\"  >\n\t\t\t\t<div class=\"col-inner\"  >\n\t\t\t\n\t\t\t\n\n\t<div class=\"img has-hover x md-x lg-x y md-y lg-y\" id=\"image_2040966461\">\n\t\t<a class=\"\" href=\"https:\/\/www.helloasso.com\/associations\/la-kaz-joie-de-vivre\/adhesions\/adhesion-pour-la-kaz-joie-de-vivre\" target=\"_blank\" rel=\"noopener\" >\t\t\t\t\t\t<div class=\"img-inner dark\" >\n\t\t\t<img loading=\"lazy\" decoding=\"async\" width=\"1020\" height=\"1020\" src=\"https:\/\/joiedevivre.re\/wp-content\/uploads\/2022\/09\/imac-1024x1024.jpg\" class=\"attachment-large size-large\" alt=\"\" srcset=\"https:\/\/joiedevivre.re\/wp-content\/uploads\/2022\/09\/imac-1024x1024.jpg 1024w, https:\/\/joiedevivre.re\/wp-content\/uploads\/2022\/09\/imac-300x300.jpg 300w, https:\/\/joiedevivre.re\/wp-content\/uploads\/2022\/09\/imac-150x150.jpg 150w, https:\/\/joiedevivre.re\/wp-content\/uploads\/2022\/09\/imac-768x768.jpg 768w, https:\/\/joiedevivre.re\/wp-content\/uploads\/2022\/09\/imac.jpg 1144w\" sizes=\"auto, (max-width: 1020px) 100vw, 1020px\" \/>\t\t\t\t\t\t\n\t\t\t\t\t<\/div>\n\t\t\t\t\t\t<\/a>\t\t\n<style>\n#image_2040966461 {\n  width: 100%;\n}\n<\/style>\n\t<\/div>\n\t\n\n\n\t\t<\/div>\n\t\t\t\t\t<\/div>\n\n\t\n\n\t<div id=\"col-1484394240\" class=\"col medium-7 small-12 large-7\"  >\n\t\t\t\t<div class=\"col-inner\"  >\n\t\t\t\n\t\t\t\n\n<p><strong><span class=\"fancy-underline\">Aidez- nous \u00e0 aider !<\/span><\/strong><\/p>\n<p>En adh\u00e9rant \u00e0 l&rsquo;association La Kaz Joie de Vivre, vous :<\/p>\n<ul>\n<li>pouvez participer aux ateliers propos\u00e9s par l&rsquo;association \u00e0 un tarif r\u00e9duit, voire gratuitement pour certains ateliers<\/li>\n<li>pouvez animer un atelier, ou \u00eatre accompagn\u00e9(e) dans la planification d&rsquo;un atelier au sein de l&rsquo;association.<\/li>\n<li>soutenez l&rsquo;association<\/li>\n<li>participez activement \u00e0 la vie de l&rsquo;association<\/li>\n<\/ul>\n<div class=\"is-divider divider clearfix\" ><\/div>\n\n\t<div class=\"img has-hover x md-x lg-x y md-y lg-y\" id=\"image_1830598997\">\n\t\t<a class=\"\" href=\"https:\/\/www.helloasso.com\/associations\/la-kaz-joie-de-vivre\/adhesions\/adhesion-pour-la-kaz-joie-de-vivre\" target=\"_blank\" rel=\"noopener\" >\t\t\t\t\t\t<div class=\"img-inner dark\" >\n\t\t\t<img loading=\"lazy\" decoding=\"async\" width=\"1020\" height=\"1020\" src=\"https:\/\/joiedevivre.re\/wp-content\/uploads\/2022\/09\/logo-helloasso-midnight.0e553e3.svg\" class=\"attachment-large size-large\" alt=\"\" \/>\t\t\t\t\t\t\n\t\t\t\t\t<\/div>\n\t\t\t\t\t\t<\/a>\t\t\n<style>\n#image_1830598997 {\n  width: 22%;\n}\n<\/style>\n\t<\/div>\n\t\n\n<p>Toute l&rsquo;\u00e9quipe de la Kaz Joie de Vivre vous remercie par avance. Nous travaillons en collaboration avec l&rsquo;association <strong>HelloAsso<\/strong> qui g\u00e8re les adh\u00e9sions. Merci de cliquer sur le lien suivant afin de compl\u00e9ter votre inscription : <a href=\"https:\/\/www.helloasso.com\/associations\/la-kaz-joie-de-vivre\/adhesions\/adhesion-pour-la-kaz-joie-de-vivre\" target=\"_blank\" rel=\"noopener noreferrer\">https:\/\/www.helloasso.com\/associations\/la-kaz-joie-de-vivre\/adhesions\/adhesion-pour-la-kaz-joie-de-vivre<\/a><\/p>\n<a href=\"https:\/\/www.helloasso.com\/associations\/la-kaz-joie-de-vivre\/adhesions\/adhesion-pour-la-kaz-joie-de-vivre\" target=\"_blank\" class=\"button primary reveal-icon\" rel=\"noopener\"  >\n\t\t<span>Devenir Adh\u00e9rent<\/span>\n\t<i class=\"icon-heart-o\" aria-hidden=\"true\" ><\/i><\/a>\n\n\n<a href=\"https:\/\/www.helloasso.com\/associations\/la-kaz-joie-de-vivre\/formulaires\/3\" target=\"_blank\" class=\"button primary is-outline\" rel=\"noopener\"  >\n\t\t<span>FAIRE UN DON<\/span>\n\t<i class=\"icon-heart-o\" aria-hidden=\"true\" ><\/i><\/a>\n\n\n\n\t\t<\/div>\n\t\t\t\t\t<\/div>\n\n\t\n\n<\/div>\n<div class=\"row\"  id=\"row-1991630135\">\n\n\n\t<div id=\"col-391099445\" class=\"col small-12 large-12\"  >\n\t\t\t\t<div class=\"col-inner\"  >\n\t\t\t\n\t\t\t\n\n<p>Vous pouvez \u00e9galement nous retrouver sur les r\u00e9seaux sociaux :<\/p>\n<ul>\n<li>\n<p>Notre page facebook : <a href=\"https:\/\/www.facebook.com\/lakazjoiedevivre\">https:\/\/www.facebook.com\/lakazjoiedevivre<\/a><\/p>\n<\/li>\n<li>\n<p>Notre compte instagram :\u00a0<a href=\"https:\/\/www.instagram.com\/lakazjoiedevivre\/\">https:\/\/www.instagram.com\/lakazjoiedevivre\/<\/a><\/p>\n<\/li>\n<li>\n<p><a href=\"\/nous-contacter\/\">Nous \u00e9crire<\/a><\/p>\n<p>\u00a0<\/p>\n<\/li>\n<\/ul>\n\n\t\t<\/div>\n\t\t\t\t\t<\/div>\n\n\t\n\n<\/div>\n<div class=\"row row-collapse align-equal align-center\"  id=\"row-1462289223\">\n\n\n\t<div id=\"col-1120567786\" class=\"col small-12 large-12\"  >\n\t\t\t\t<div class=\"col-inner\"  >\n\t\t\t\n\t\t\t\n\n<p style=\"text-align: center;\">\n\n\t<section class=\"section dark\" id=\"section_297971407\">\n\t\t<div class=\"section-bg fill\" >\n\t\t\t\t\t\t\t\t\t\n\t\t\t\n\n\t\t<\/div>\n\n\t\t\n\n\t\t<div class=\"section-content relative\">\n\t\t\t\n\n<\/p>\n<p style=\"text-align: center;\">\n<div class=\"row\"  id=\"row-1513671934\">\n\n<\/p>\n<p style=\"text-align: center;\">\n\n\t<div id=\"col-2067335118\" class=\"col medium-11 small-12 large-11\"  >\n\t\t\t\t<div class=\"col-inner\"  >\n\t\t\t\n\t\t\t\n\n<\/p>\n<h3 style=\"text-align: center;\">Inscrivez-vous \u00e0 notre newsletter pour rester inform\u00e9<\/h3>\n<p style=\"text-align: center;\">Si vous souhaitez en savoir plus sur la Kaz Joie de Vivre, nos horaires, programme, et informations, inscrivez-vous d\u00e8s maintenant !<\/p>\n<p style=\"text-align: center;\">\n\n<div class=\"wpcf7 no-js\" id=\"wpcf7-f131-o1\" lang=\"fr-FR\" dir=\"ltr\" data-wpcf7-id=\"131\">\n<div class=\"screen-reader-response\"><p role=\"status\" aria-live=\"polite\" aria-atomic=\"true\"><\/p> <ul><\/ul><\/div>\n<form action=\"\/index.php?rest_route=%2Fwp%2Fv2%2Fpages%2F112#wpcf7-f131-o1\" method=\"post\" class=\"wpcf7-form init\" aria-label=\"Formulaire de contact\" novalidate=\"novalidate\" data-status=\"init\">\n<fieldset class=\"hidden-fields-container\"><input type=\"hidden\" name=\"_wpcf7\" value=\"131\" \/><input type=\"hidden\" name=\"_wpcf7_version\" value=\"6.1.5\" \/><input type=\"hidden\" name=\"_wpcf7_locale\" value=\"fr_FR\" \/><input type=\"hidden\" name=\"_wpcf7_unit_tag\" value=\"wpcf7-f131-o1\" \/><input type=\"hidden\" name=\"_wpcf7_container_post\" value=\"0\" \/><input type=\"hidden\" name=\"_wpcf7_posted_data_hash\" value=\"\" \/><input type=\"hidden\" name=\"_wpcf7_recaptcha_response\" value=\"\" \/>\n<\/fieldset>\n<div class=\"flex-row form-flat medium-flex-wrap\">\n\t<div class=\"flex-col flex-grow\">\n\t\t<p><span class=\"wpcf7-form-control-wrap\" data-name=\"your-email\"><input size=\"40\" maxlength=\"400\" class=\"wpcf7-form-control wpcf7-email wpcf7-validates-as-required wpcf7-text wpcf7-validates-as-email\" aria-required=\"true\" aria-invalid=\"false\" placeholder=\"Votre adresse email (requis)\" value=\"\" type=\"email\" name=\"your-email\" \/><\/span>\n\t\t<\/p>\n\t<\/div>\n\t<div class=\"flex-col ml-half\">\n\t\t<p><input class=\"wpcf7-form-control wpcf7-submit has-spinner button\" type=\"submit\" value=\"S&#039;inscrire \u00e0 la newsletter\" \/>\n\t\t<\/p>\n\t<\/div>\n<\/div><div class=\"wpcf7-response-output\" aria-hidden=\"true\"><\/div>\n<\/form>\n<\/div>\n\n\n<\/p>\n<p style=\"text-align: center;\">\n\n\t\t<\/div>\n\t\t\t\t\t<\/div>\n\n\t\n<\/p>\n<p style=\"text-align: center;\">\n\n<\/div>\n<\/p>\n<p style=\"text-align: center;\">\n\n\t\t<\/div>\n\n\t\t\n<style>\n#section_297971407 {\n  padding-top: 30px;\n  padding-bottom: 30px;\n  background-color: #3b9db8;\n}\n<\/style>\n\t<\/section>\n\t\n<\/p>\n\n\t\t<\/div>\n\t\t\t\t\t<\/div>\n\n\t\n\n\n<style>\n#row-1462289223 > .col > .col-inner {\n  background-color: rgb(59, 157, 184);\n}\n<\/style>\n<\/div>\n\n\n\t<section class=\"section has-parallax\" id=\"section_257134686\">\n\t\t<div class=\"section-bg fill\" data-parallax-container=\".section\" data-parallax-background data-parallax=\"-2\">\n\t\t\t<img loading=\"lazy\" decoding=\"async\" width=\"2000\" height=\"1333\" src=\"https:\/\/joiedevivre.re\/wp-content\/uploads\/2022\/09\/child-adult-holding-money-jar-donation-saving-concept_49149-1117.webp\" class=\"bg\" alt=\"\" srcset=\"https:\/\/joiedevivre.re\/wp-content\/uploads\/2022\/09\/child-adult-holding-money-jar-donation-saving-concept_49149-1117.webp 2000w, https:\/\/joiedevivre.re\/wp-content\/uploads\/2022\/09\/child-adult-holding-money-jar-donation-saving-concept_49149-1117-300x200.webp 300w, https:\/\/joiedevivre.re\/wp-content\/uploads\/2022\/09\/child-adult-holding-money-jar-donation-saving-concept_49149-1117-1024x682.webp 1024w, https:\/\/joiedevivre.re\/wp-content\/uploads\/2022\/09\/child-adult-holding-money-jar-donation-saving-concept_49149-1117-768x512.webp 768w, https:\/\/joiedevivre.re\/wp-content\/uploads\/2022\/09\/child-adult-holding-money-jar-donation-saving-concept_49149-1117-1536x1024.webp 1536w\" sizes=\"auto, (max-width: 2000px) 100vw, 2000px\" \/>\t\t\t\t\t\t\n\t\t\t\n\n\t\t<\/div>\n\n\t\t\n\n\t\t<div class=\"section-content relative\">\n\t\t\t\n\n<div class=\"row\"  id=\"row-1275938540\">\n\n\n\t<div id=\"col-1262649031\" class=\"col medium-5 small-12 large-5\"  >\n\t\t\t\t<div class=\"col-inner text-center\"  >\n\t\t\t\n\t\t\t\n\n\t<div id=\"text-244330125\" class=\"text\">\n\t\t\n\n<p>Si vous aimez nos prestations et travaux de La Kaz Joie de Vivre, faites un don d\u00e8s maintenant ! Vous nous aiderez \u00e0 maintenir les ateliers \"pour tous\"<\/p>\n\n\t\t\n<style>\n#text-244330125 {\n  color: rgb(0,0,0);\n}\n#text-244330125 > * {\n  color: rgb(0,0,0);\n}\n<\/style>\n\t<\/div>\n\t\n<a href=\"https:\/\/www.helloasso.com\/associations\/la-kaz-joie-de-vivre\/formulaires\/3\" target=\"_blank\" class=\"button primary reveal-icon\" rel=\"noopener\"  >\n\t\t<span>FAIRE un don<\/span>\n\t<i class=\"icon-heart\" aria-hidden=\"true\" ><\/i><\/a>\n\n\n\n\t\t<\/div>\n\t\t\t\t\t<\/div>\n\n\t\n\n<\/div>\n\n\t\t<\/div>\n\n\t\t\n<style>\n#section_257134686 {\n  padding-top: 126px;\n  padding-bottom: 126px;\n}\n<\/style>\n\t<\/section>\n\t\n\n\n","protected":false},"excerpt":{"rendered":"","protected":false},"author":1,"featured_media":0,"parent":0,"menu_order":0,"comment_status":"closed","ping_status":"closed","template":"page-blank.php","meta":{"inline_featured_image":false,"footnotes":""},"class_list":["post-112","page","type-page","status-publish","hentry"],"_links":{"self":[{"href":"https:\/\/joiedevivre.re\/index.php?rest_route=\/wp\/v2\/pages\/112","targetHints":{"allow":["GET"]}}],"collection":[{"href":"https:\/\/joiedevivre.re\/index.php?rest_route=\/wp\/v2\/pages"}],"about":[{"href":"https:\/\/joiedevivre.re\/index.php?rest_route=\/wp\/v2\/types\/page"}],"author":[{"embeddable":true,"href":"https:\/\/joiedevivre.re\/index.php?rest_route=\/wp\/v2\/users\/1"}],"replies":[{"embeddable":true,"href":"https:\/\/joiedevivre.re\/index.php?rest_route=%2Fwp%2Fv2%2Fcomments&post=112"}],"version-history":[{"count":17,"href":"https:\/\/joiedevivre.re\/index.php?rest_route=\/wp\/v2\/pages\/112\/revisions"}],"predecessor-version":[{"id":2414,"href":"https:\/\/joiedevivre.re\/index.php?rest_route=\/wp\/v2\/pages\/112\/revisions\/2414"}],"wp:attachment":[{"href":"https:\/\/joiedevivre.re\/index.php?rest_route=%2Fwp%2Fv2%2Fmedia&parent=112"}],"curies":[{"name":"wp","href":"https:\/\/api.w.org\/{rel}","templated":true}]}}