{"id":55,"date":"2020-10-23T10:22:25","date_gmt":"2020-10-23T08:22:25","guid":{"rendered":"https:\/\/joiedevivre.re\/?page_id=55"},"modified":"2022-09-03T22:08:21","modified_gmt":"2022-09-03T20:08:21","slug":"le-concept-de-la-kaz-joie-de-vivre","status":"publish","type":"page","link":"https:\/\/joiedevivre.re\/?page_id=55","title":{"rendered":"Le Concept de la Kaz Joie de Vivre"},"content":{"rendered":"\n<div class=\"row\"  id=\"row-1584312626\">\n\n\n\t<div id=\"col-1801882093\" class=\"col small-12 large-12\"  >\n\t\t\t\t<div class=\"col-inner\"  >\n\t\t\t\n\t\t\t\n\n<div class=\"container section-title-container\" ><h2 class=\"section-title section-title-normal\"><b><\/b><span class=\"section-title-main\" >Le Concept<\/span><b><\/b><\/h2><\/div>\n\n\n\t\t<\/div>\n\t\t\t\t\t<\/div>\n\n\t\n\n<\/div>\n<div class=\"row\"  id=\"row-1990386897\">\n\n\n\t<div id=\"col-58998853\" class=\"col medium-6 small-12 large-6\"  >\n\t\t\t\t<div class=\"col-inner\"  >\n\t\t\t\n\t\t\t\n\n<div class=\"container section-title-container\" ><h3 class=\"section-title section-title-normal\"><b><\/b><span class=\"section-title-main\" >Le caf\u00e9 des jeux et des ateliers<\/span><b><\/b><\/h3><\/div>\n\n<p>C\u2019est un point de rencontre et\/ou de d\u00e9tente qui permet :<\/p>\n<ul>\n<li>Jeux de soci\u00e9t\u00e9 et de motricit\u00e9<\/li>\n<li>Apprentissage \u00e0 travers les jeux<\/li>\n<li>S&rsquo;amuser ensemble<\/li>\n<li>Offres d&rsquo;ateliers<\/li>\n<li><span style=\"font-size: 14.4px;\">Formations permanentes<\/span><\/li>\n<\/ul>\n\n\t\t<\/div>\n\t\t\t\t\t<\/div>\n\n\t\n\n\t<div id=\"col-1327334653\" class=\"col medium-6 small-12 large-6\"  >\n\t\t\t\t<div class=\"col-inner\"  >\n\t\t\t\n\t\t\t\n\n\n  <div class=\"banner has-hover\" id=\"banner-2110568055\">\n          <div class=\"banner-inner fill\">\n        <div class=\"banner-bg fill\" >\n            <img loading=\"lazy\" decoding=\"async\" width=\"960\" height=\"720\" src=\"https:\/\/joiedevivre.re\/wp-content\/uploads\/2020\/10\/feet-2191155_960_720.jpg\" class=\"bg\" alt=\"\" srcset=\"https:\/\/joiedevivre.re\/wp-content\/uploads\/2020\/10\/feet-2191155_960_720.jpg 960w, https:\/\/joiedevivre.re\/wp-content\/uploads\/2020\/10\/feet-2191155_960_720-300x225.jpg 300w, https:\/\/joiedevivre.re\/wp-content\/uploads\/2020\/10\/feet-2191155_960_720-768x576.jpg 768w\" sizes=\"auto, (max-width: 960px) 100vw, 960px\" \/>                        <div class=\"overlay\"><\/div>            \n                    <\/div>\n\t\t\n        <div class=\"banner-layers container\">\n            <div class=\"fill banner-link\"><\/div>            \n\n   <div id=\"text-box-7247280\" class=\"text-box banner-layer x50 md-x50 lg-x50 y50 md-y50 lg-y50 res-text\">\n                                <div class=\"text-box-content text dark\">\n              \n              <div class=\"text-inner text-center\">\n                  \n\n\n              <\/div>\n           <\/div>\n                            \n<style>\n#text-box-7247280 {\n  width: 60%;\n}\n#text-box-7247280 .text-box-content {\n  font-size: 100%;\n}\n<\/style>\n    <\/div>\n \n\n        <\/div>\n      <\/div>\n\n            \n<style>\n#banner-2110568055 {\n  padding-top: 401px;\n}\n#banner-2110568055 .overlay {\n  background-color: rgba(255, 255, 255, 0.21);\n}\n<\/style>\n  <\/div>\n\n\n\n\t\t<\/div>\n\t\t\t\t\t<\/div>\n\n\t\n\n<\/div>\n\t<div id=\"gap-105057527\" class=\"gap-element clearfix\" style=\"display:block; height:auto;\">\n\t\t\n<style>\n#gap-105057527 {\n  padding-top: 59px;\n}\n<\/style>\n\t<\/div>\n\t\n\n<div class=\"row\"  id=\"row-1673045850\">\n\n\n\t<div id=\"col-535138111\" class=\"col medium-6 small-12 large-6\"  >\n\t\t\t\t<div class=\"col-inner\"  >\n\t\t\t\n\t\t\t\n\n\n  <div class=\"banner has-hover\" id=\"banner-1379144822\">\n          <div class=\"banner-inner fill\">\n        <div class=\"banner-bg fill\" >\n            <img loading=\"lazy\" decoding=\"async\" width=\"960\" height=\"638\" src=\"https:\/\/joiedevivre.re\/wp-content\/uploads\/2020\/10\/cooking-4283413_960_720.jpg\" class=\"bg\" alt=\"\" srcset=\"https:\/\/joiedevivre.re\/wp-content\/uploads\/2020\/10\/cooking-4283413_960_720.jpg 960w, https:\/\/joiedevivre.re\/wp-content\/uploads\/2020\/10\/cooking-4283413_960_720-300x199.jpg 300w, https:\/\/joiedevivre.re\/wp-content\/uploads\/2020\/10\/cooking-4283413_960_720-768x510.jpg 768w\" sizes=\"auto, (max-width: 960px) 100vw, 960px\" \/>                        <div class=\"overlay\"><\/div>            \n                    <\/div>\n\t\t\n        <div class=\"banner-layers container\">\n            <div class=\"fill banner-link\"><\/div>            \n\n   <div id=\"text-box-1239889831\" class=\"text-box banner-layer x50 md-x50 lg-x50 y50 md-y50 lg-y50 res-text\">\n                                <div class=\"text-box-content text dark\">\n              \n              <div class=\"text-inner text-center\">\n                  \n\n\n              <\/div>\n           <\/div>\n                            \n<style>\n#text-box-1239889831 {\n  width: 60%;\n}\n#text-box-1239889831 .text-box-content {\n  font-size: 100%;\n}\n<\/style>\n    <\/div>\n \n\n        <\/div>\n      <\/div>\n\n            \n<style>\n#banner-1379144822 {\n  padding-top: 384px;\n}\n#banner-1379144822 .overlay {\n  background-color: rgba(225, 225, 225, 0.2);\n}\n<\/style>\n  <\/div>\n\n\n\n\t\t<\/div>\n\t\t\t\t\t<\/div>\n\n\t\n\n\t<div id=\"col-124961472\" class=\"col medium-6 small-12 large-6\"  >\n\t\t\t\t<div class=\"col-inner\"  >\n\t\t\t\n\t\t\t\n\n<div class=\"container section-title-container\" ><h3 class=\"section-title section-title-normal\"><b><\/b><span class=\"section-title-main\" >Espace d'apprentissage pour enfant<\/span><b><\/b><\/h3><\/div>\n\n<p>La Kaz Joie de Vivre sera un lieu o\u00f9 chacun&nbsp;a&nbsp;plaisir \u00e0 se rendre. Les enfants et les adultes \u00e9voluent ensemble dans un cadre bienveillant permettant leur \u00e9panouissement.<\/p>\n<p>Pour le r\u00e9aliser, on fait confiance&nbsp;aux&nbsp;capacit\u00e9s d&rsquo;apprentissage individuelles de chaque enfant&nbsp;&#8211; on cultive le partage et la coop\u00e9ration entre les individus. Les enfants se pr\u00e9parent \u00e0 devenir les adultes de demain, acteurs d&rsquo;un monde en constante \u00e9volution.<\/p>\n\n\t\t<\/div>\n\t\t\t\t\t<\/div>\n\n\t\n\n<\/div>\n<a href=\"#\" class=\"button alert donation\"  >\n\t\t<span>Faire une Donation<\/span>\n\t<i class=\"icon-star\" aria-hidden=\"true\" ><\/i><\/a>\n\n\n\t<div id=\"gap-91959947\" class=\"gap-element clearfix\" style=\"display:block; height:auto;\">\n\t\t\n<style>\n#gap-91959947 {\n  padding-top: 50px;\n}\n<\/style>\n\t<\/div>\n\t\n\n<div class=\"row row-collapse align-equal align-center\"  id=\"row-1032814553\">\n\n\n\t<div id=\"col-121442421\" class=\"col small-12 large-12\"  >\n\t\t\t\t<div class=\"col-inner\"  >\n\t\t\t\n\t\t\t\n\n<p style=\"text-align: center;\">\n\n\t<section class=\"section dark\" id=\"section_1760287964\">\n\t\t<div class=\"section-bg fill\" >\n\t\t\t\t\t\t\t\t\t\n\t\t\t\n\n\t\t<\/div>\n\n\t\t\n\n\t\t<div class=\"section-content relative\">\n\t\t\t\n\n<\/p>\n<p style=\"text-align: center;\">\n<div class=\"row\"  id=\"row-1382735396\">\n\n<\/p>\n<p style=\"text-align: center;\">\n\n\t<div id=\"col-2029097671\" class=\"col medium-11 small-12 large-11\"  >\n\t\t\t\t<div class=\"col-inner\"  >\n\t\t\t\n\t\t\t\n\n<\/p>\n<h3 style=\"text-align: center;\">Inscrivez-vous \u00e0 notre newsletter pour rester inform\u00e9<\/h3>\n<p style=\"text-align: center;\">Si vous souhaitez en savoir plus sur la Kaz Joie de Vivre, nos horaires, programme, et informations, inscrivez-vous d\u00e8s maintenant !<\/p>\n<p style=\"text-align: center;\">\n\n<div class=\"wpcf7 no-js\" id=\"wpcf7-f131-o1\" lang=\"fr-FR\" dir=\"ltr\" data-wpcf7-id=\"131\">\n<div class=\"screen-reader-response\"><p role=\"status\" aria-live=\"polite\" aria-atomic=\"true\"><\/p> <ul><\/ul><\/div>\n<form action=\"\/index.php?rest_route=%2Fwp%2Fv2%2Fpages%2F55#wpcf7-f131-o1\" method=\"post\" class=\"wpcf7-form init\" aria-label=\"Formulaire de contact\" novalidate=\"novalidate\" data-status=\"init\">\n<fieldset class=\"hidden-fields-container\"><input type=\"hidden\" name=\"_wpcf7\" value=\"131\" \/><input type=\"hidden\" name=\"_wpcf7_version\" value=\"6.1.5\" \/><input type=\"hidden\" name=\"_wpcf7_locale\" value=\"fr_FR\" \/><input type=\"hidden\" name=\"_wpcf7_unit_tag\" value=\"wpcf7-f131-o1\" \/><input type=\"hidden\" name=\"_wpcf7_container_post\" value=\"0\" \/><input type=\"hidden\" name=\"_wpcf7_posted_data_hash\" value=\"\" \/><input type=\"hidden\" name=\"_wpcf7_recaptcha_response\" value=\"\" \/>\n<\/fieldset>\n<div class=\"flex-row form-flat medium-flex-wrap\">\n\t<div class=\"flex-col flex-grow\">\n\t\t<p><span class=\"wpcf7-form-control-wrap\" data-name=\"your-email\"><input size=\"40\" maxlength=\"400\" class=\"wpcf7-form-control wpcf7-email wpcf7-validates-as-required wpcf7-text wpcf7-validates-as-email\" aria-required=\"true\" aria-invalid=\"false\" placeholder=\"Votre adresse email (requis)\" value=\"\" type=\"email\" name=\"your-email\" \/><\/span>\n\t\t<\/p>\n\t<\/div>\n\t<div class=\"flex-col ml-half\">\n\t\t<p><input class=\"wpcf7-form-control wpcf7-submit has-spinner button\" type=\"submit\" value=\"S&#039;inscrire \u00e0 la newsletter\" \/>\n\t\t<\/p>\n\t<\/div>\n<\/div><div class=\"wpcf7-response-output\" aria-hidden=\"true\"><\/div>\n<\/form>\n<\/div>\n\n\n<\/p>\n<p style=\"text-align: center;\">\n\n\t\t<\/div>\n\t\t\t\t\t<\/div>\n\n\t\n<\/p>\n<p style=\"text-align: center;\">\n\n<\/div>\n<\/p>\n<p style=\"text-align: center;\">\n\n\t\t<\/div>\n\n\t\t\n<style>\n#section_1760287964 {\n  padding-top: 30px;\n  padding-bottom: 30px;\n  background-color: #3b9db8;\n}\n<\/style>\n\t<\/section>\n\t\n<\/p>\n\n\t\t<\/div>\n\t\t\t\t\t<\/div>\n\n\t\n\n\n<style>\n#row-1032814553 > .col > .col-inner {\n  background-color: rgb(59, 157, 184);\n}\n<\/style>\n<\/div>\n\n\n\t<section class=\"section has-parallax\" id=\"section_1836285886\">\n\t\t<div class=\"section-bg fill\" data-parallax-container=\".section\" data-parallax-background data-parallax=\"-2\">\n\t\t\t<img loading=\"lazy\" decoding=\"async\" width=\"2000\" height=\"1333\" src=\"https:\/\/joiedevivre.re\/wp-content\/uploads\/2022\/09\/child-adult-holding-money-jar-donation-saving-concept_49149-1117.webp\" class=\"bg\" alt=\"\" srcset=\"https:\/\/joiedevivre.re\/wp-content\/uploads\/2022\/09\/child-adult-holding-money-jar-donation-saving-concept_49149-1117.webp 2000w, https:\/\/joiedevivre.re\/wp-content\/uploads\/2022\/09\/child-adult-holding-money-jar-donation-saving-concept_49149-1117-300x200.webp 300w, https:\/\/joiedevivre.re\/wp-content\/uploads\/2022\/09\/child-adult-holding-money-jar-donation-saving-concept_49149-1117-1024x682.webp 1024w, https:\/\/joiedevivre.re\/wp-content\/uploads\/2022\/09\/child-adult-holding-money-jar-donation-saving-concept_49149-1117-768x512.webp 768w, https:\/\/joiedevivre.re\/wp-content\/uploads\/2022\/09\/child-adult-holding-money-jar-donation-saving-concept_49149-1117-1536x1024.webp 1536w\" sizes=\"auto, (max-width: 2000px) 100vw, 2000px\" \/>\t\t\t\t\t\t\n\t\t\t\n\n\t\t<\/div>\n\n\t\t\n\n\t\t<div class=\"section-content relative\">\n\t\t\t\n\n<div class=\"row\"  id=\"row-2015715396\">\n\n\n\t<div id=\"col-506292602\" class=\"col medium-5 small-12 large-5\"  >\n\t\t\t\t<div class=\"col-inner text-center\"  >\n\t\t\t\n\t\t\t\n\n\t<div id=\"text-809536968\" class=\"text\">\n\t\t\n\n<p>Si vous aimez nos prestations et travaux de La Kaz Joie de Vivre, faites un don d\u00e8s maintenant ! Vous nous aiderez \u00e0 maintenir les ateliers \"pour tous\"<\/p>\n\n\t\t\n<style>\n#text-809536968 {\n  color: rgb(0,0,0);\n}\n#text-809536968 > * {\n  color: rgb(0,0,0);\n}\n<\/style>\n\t<\/div>\n\t\n<a href=\"https:\/\/www.helloasso.com\/associations\/la-kaz-joie-de-vivre\/formulaires\/3\" target=\"_blank\" class=\"button primary reveal-icon\" rel=\"noopener\"  >\n\t\t<span>FAIRE un don<\/span>\n\t<i class=\"icon-heart\" aria-hidden=\"true\" ><\/i><\/a>\n\n\n\n\t\t<\/div>\n\t\t\t\t\t<\/div>\n\n\t\n\n<\/div>\n\n\t\t<\/div>\n\n\t\t\n<style>\n#section_1836285886 {\n  padding-top: 126px;\n  padding-bottom: 126px;\n}\n<\/style>\n\t<\/section>\n\t\n\n\n","protected":false},"excerpt":{"rendered":"","protected":false},"author":1,"featured_media":0,"parent":0,"menu_order":0,"comment_status":"closed","ping_status":"closed","template":"page-blank.php","meta":{"inline_featured_image":false,"footnotes":""},"class_list":["post-55","page","type-page","status-publish","hentry"],"_links":{"self":[{"href":"https:\/\/joiedevivre.re\/index.php?rest_route=\/wp\/v2\/pages\/55","targetHints":{"allow":["GET"]}}],"collection":[{"href":"https:\/\/joiedevivre.re\/index.php?rest_route=\/wp\/v2\/pages"}],"about":[{"href":"https:\/\/joiedevivre.re\/index.php?rest_route=\/wp\/v2\/types\/page"}],"author":[{"embeddable":true,"href":"https:\/\/joiedevivre.re\/index.php?rest_route=\/wp\/v2\/users\/1"}],"replies":[{"embeddable":true,"href":"https:\/\/joiedevivre.re\/index.php?rest_route=%2Fwp%2Fv2%2Fcomments&post=55"}],"version-history":[{"count":14,"href":"https:\/\/joiedevivre.re\/index.php?rest_route=\/wp\/v2\/pages\/55\/revisions"}],"predecessor-version":[{"id":879,"href":"https:\/\/joiedevivre.re\/index.php?rest_route=\/wp\/v2\/pages\/55\/revisions\/879"}],"wp:attachment":[{"href":"https:\/\/joiedevivre.re\/index.php?rest_route=%2Fwp%2Fv2%2Fmedia&parent=55"}],"curies":[{"name":"wp","href":"https:\/\/api.w.org\/{rel}","templated":true}]}}