{"id":6,"date":"2020-05-08T19:47:58","date_gmt":"2020-05-08T17:47:58","guid":{"rendered":"https:\/\/joiedevivre.re\/?page_id=6"},"modified":"2023-03-28T09:32:29","modified_gmt":"2023-03-28T07:32:29","slug":"accueil","status":"publish","type":"page","link":"https:\/\/joiedevivre.re\/","title":{"rendered":"Accueil"},"content":{"rendered":"\n\n\t<section class=\"section\" id=\"section_2055703773\">\n\t\t<div class=\"section-bg fill\" >\n\t\t\t\t\t\t\t\t\t\n\t\t\t\n\t<div class=\"is-border\"\n\t\tstyle=\"border-color:rgba(0, 0, 0, 0.13);border-width:1px 0px 1px 0px;\">\n\t<\/div>\n\n\t\t<\/div>\n\n\t\t\n\n\t\t<div class=\"section-content relative\">\n\t\t\t\n  <div class=\"banner-grid-wrapper\">\n  <div id=\"banner-grid-1710922538\" class=\"banner-grid row row-grid row-xsmall row-full-width\" data-packery-options=\"\">\n                      \n<div class=\"col grid-col large-6 grid-col-1\" ><div class=\"col-inner\">\n\n  <div class=\"banner has-hover\" id=\"banner-385659769\">\n          <div class=\"banner-inner fill\">\n        <div class=\"banner-bg fill\" >\n            <img loading=\"lazy\" decoding=\"async\" width=\"1020\" height=\"679\" src=\"https:\/\/joiedevivre.re\/wp-content\/uploads\/2020\/10\/kaz-joie-de-vivre-tiers-lieu-pedagogique-culturel-banner-03-1.jpg\" class=\"bg\" alt=\"\" srcset=\"https:\/\/joiedevivre.re\/wp-content\/uploads\/2020\/10\/kaz-joie-de-vivre-tiers-lieu-pedagogique-culturel-banner-03-1.jpg 1024w, https:\/\/joiedevivre.re\/wp-content\/uploads\/2020\/10\/kaz-joie-de-vivre-tiers-lieu-pedagogique-culturel-banner-03-1-300x200.jpg 300w, https:\/\/joiedevivre.re\/wp-content\/uploads\/2020\/10\/kaz-joie-de-vivre-tiers-lieu-pedagogique-culturel-banner-03-1-768x512.jpg 768w\" sizes=\"auto, (max-width: 1020px) 100vw, 1020px\" \/>                        <div class=\"overlay\"><\/div>            \n                    <\/div>\n\t\t\n        <div class=\"banner-layers container\">\n            <div class=\"fill banner-link\"><\/div>            \n   <div id=\"text-box-483623090\" class=\"text-box banner-layer x0 md-x0 lg-x0 y90 md-y90 lg-y90 res-text\">\n                                <div class=\"text-box-content text dark text-shadow-5\">\n              \n              <div class=\"text-inner text-center\">\n                  \n<h2><strong>Le concept<\/strong><\/h2>\n<a href=\"https:\/\/joiedevivre.re\/le-concept-de-la-kaz-joie-de-vivre\/\" class=\"button white is-outline\"  >\n\t\t<span>Notre projet<\/span>\n\t<\/a>\n\n              <\/div>\n           <\/div>\n                            \n<style>\n#text-box-483623090 {\n  width: 60%;\n}\n#text-box-483623090 .text-box-content {\n  font-size: 150%;\n}\n@media (min-width:550px) {\n  #text-box-483623090 {\n    width: 100%;\n  }\n}\n<\/style>\n    <\/div>\n \n        <\/div>\n      <\/div>\n\n              <div class=\"height-fix is-invisible\"><img loading=\"lazy\" decoding=\"async\" width=\"1020\" height=\"679\" src=\"https:\/\/joiedevivre.re\/wp-content\/uploads\/2020\/10\/kaz-joie-de-vivre-tiers-lieu-pedagogique-culturel-banner-03-1.jpg\" class=\"attachment-large size-large\" alt=\"\" srcset=\"https:\/\/joiedevivre.re\/wp-content\/uploads\/2020\/10\/kaz-joie-de-vivre-tiers-lieu-pedagogique-culturel-banner-03-1.jpg 1024w, https:\/\/joiedevivre.re\/wp-content\/uploads\/2020\/10\/kaz-joie-de-vivre-tiers-lieu-pedagogique-culturel-banner-03-1-300x200.jpg 300w, https:\/\/joiedevivre.re\/wp-content\/uploads\/2020\/10\/kaz-joie-de-vivre-tiers-lieu-pedagogique-culturel-banner-03-1-768x512.jpg 768w\" sizes=\"auto, (max-width: 1020px) 100vw, 1020px\" \/><\/div>\n            \n<style>\n#banner-385659769 .overlay {\n  background-color: rgba(37, 98, 161, 0.22);\n}\n#banner-385659769 .banner-bg img {\n  object-position: 55% 54%;\n}\n<\/style>\n  <\/div>\n\n\n<\/div><\/div>\n<div class=\"col grid-col large-6 grid-col-1-2\" ><div class=\"col-inner\">\n\n  <div class=\"banner has-hover\" id=\"banner-1425345992\">\n          <div class=\"banner-inner fill\">\n        <div class=\"banner-bg fill\" >\n            <img loading=\"lazy\" decoding=\"async\" width=\"960\" height=\"540\" src=\"https:\/\/joiedevivre.re\/wp-content\/uploads\/2020\/10\/pencil-1486278_960_720.jpg\" class=\"bg\" alt=\"\" srcset=\"https:\/\/joiedevivre.re\/wp-content\/uploads\/2020\/10\/pencil-1486278_960_720.jpg 960w, https:\/\/joiedevivre.re\/wp-content\/uploads\/2020\/10\/pencil-1486278_960_720-300x169.jpg 300w, https:\/\/joiedevivre.re\/wp-content\/uploads\/2020\/10\/pencil-1486278_960_720-768x432.jpg 768w\" sizes=\"auto, (max-width: 960px) 100vw, 960px\" \/>                        <div class=\"overlay\"><\/div>            \n                    <\/div>\n\t\t\n        <div class=\"banner-layers container\">\n            <div class=\"fill banner-link\"><\/div>            \n   <div id=\"text-box-1262624474\" class=\"text-box banner-layer x0 md-x0 lg-x0 y80 md-y80 lg-y80 res-text\">\n                                <div class=\"text-box-content text dark\">\n              \n              <div class=\"text-inner text-center\">\n                  \n<h2><strong>Adh\u00e9rer \u00e0 la Kaz Joie de Vivre<\/strong><\/h2>\n<a href=\"https:\/\/joiedevivre.re\/adherer-a-la-kaz-joie-de-vivre\/\" class=\"button white is-outline is-xlarge\"  >\n\t\t<span>Vous inscrire<\/span>\n\t<\/a>\n\n              <\/div>\n           <\/div>\n                            \n<style>\n#text-box-1262624474 {\n  width: 100%;\n}\n#text-box-1262624474 .text-box-content {\n  font-size: 100%;\n}\n<\/style>\n    <\/div>\n \n        <\/div>\n      <\/div>\n\n              <div class=\"height-fix is-invisible\"><img loading=\"lazy\" decoding=\"async\" width=\"960\" height=\"540\" src=\"https:\/\/joiedevivre.re\/wp-content\/uploads\/2020\/10\/pencil-1486278_960_720.jpg\" class=\"attachment-large size-large\" alt=\"\" srcset=\"https:\/\/joiedevivre.re\/wp-content\/uploads\/2020\/10\/pencil-1486278_960_720.jpg 960w, https:\/\/joiedevivre.re\/wp-content\/uploads\/2020\/10\/pencil-1486278_960_720-300x169.jpg 300w, https:\/\/joiedevivre.re\/wp-content\/uploads\/2020\/10\/pencil-1486278_960_720-768x432.jpg 768w\" sizes=\"auto, (max-width: 960px) 100vw, 960px\" \/><\/div>\n            \n<style>\n#banner-1425345992 .overlay {\n  background-color: rgba(169, 216, 217, 0.16);\n}\n#banner-1425345992 .banner-bg img {\n  object-position: 53% 36%;\n}\n<\/style>\n  <\/div>\n\n\n<\/div><\/div>\n<div class=\"col grid-col large-6 grid-col-1-2\" ><div class=\"col-inner\">\n\n  <div class=\"banner has-hover\" id=\"banner-820207417\">\n          <div class=\"banner-inner fill\">\n        <div class=\"banner-bg fill\" >\n            <img loading=\"lazy\" decoding=\"async\" width=\"960\" height=\"640\" src=\"https:\/\/joiedevivre.re\/wp-content\/uploads\/2020\/10\/hand-2326058_960_720.jpg\" class=\"bg\" alt=\"\" srcset=\"https:\/\/joiedevivre.re\/wp-content\/uploads\/2020\/10\/hand-2326058_960_720.jpg 960w, https:\/\/joiedevivre.re\/wp-content\/uploads\/2020\/10\/hand-2326058_960_720-300x200.jpg 300w, https:\/\/joiedevivre.re\/wp-content\/uploads\/2020\/10\/hand-2326058_960_720-768x512.jpg 768w\" sizes=\"auto, (max-width: 960px) 100vw, 960px\" \/>                        <div class=\"overlay\"><\/div>            \n                    <\/div>\n\t\t\n        <div class=\"banner-layers container\">\n            <div class=\"fill banner-link\"><\/div>            \n   <div id=\"text-box-1466676177\" class=\"text-box banner-layer x0 md-x0 lg-x0 y80 md-y80 lg-y80 res-text\">\n                                <div class=\"text-box-content text dark\">\n              \n              <div class=\"text-inner text-center\">\n                  \n<h2><strong>Notre mission<\/h2>\n<a href=\"https:\/\/joiedevivre.re\/notre-mission\/?customize_changeset_uuid=14e6ea0a-0100-48f0-b042-1ba9b18ffcfd&#038;customize_autosaved=on&#038;customize_messenger_channel=preview-0\" class=\"button white is-outline is-xlarge\"  >\n\t\t<span>en savoir plus<\/span>\n\t<\/a>\n\n              <\/div>\n           <\/div>\n                            \n<style>\n#text-box-1466676177 {\n  width: 100%;\n}\n#text-box-1466676177 .text-box-content {\n  font-size: 100%;\n}\n<\/style>\n    <\/div>\n \n        <\/div>\n      <\/div>\n\n              <div class=\"height-fix is-invisible\"><img loading=\"lazy\" decoding=\"async\" width=\"960\" height=\"640\" src=\"https:\/\/joiedevivre.re\/wp-content\/uploads\/2020\/10\/hand-2326058_960_720.jpg\" class=\"attachment-large size-large\" alt=\"\" srcset=\"https:\/\/joiedevivre.re\/wp-content\/uploads\/2020\/10\/hand-2326058_960_720.jpg 960w, https:\/\/joiedevivre.re\/wp-content\/uploads\/2020\/10\/hand-2326058_960_720-300x200.jpg 300w, https:\/\/joiedevivre.re\/wp-content\/uploads\/2020\/10\/hand-2326058_960_720-768x512.jpg 768w\" sizes=\"auto, (max-width: 960px) 100vw, 960px\" \/><\/div>\n            \n<style>\n#banner-820207417 .overlay {\n  background-color: rgba(169, 216, 217, 0.16);\n}\n#banner-820207417 .banner-bg img {\n  object-position: 51% 53%;\n}\n<\/style>\n  <\/div>\n\n\n<\/div><\/div>\n            <\/div>\n    <style>\n    #banner-grid-1710922538 .grid-col-1{height: 600px}\n    #banner-grid-1710922538 .grid-col-1-2{height: 300px}\n    #banner-grid-1710922538 .grid-col-1-3{height:200px}\n    #banner-grid-1710922538 .grid-col-2-3{height: 400px}\n    #banner-grid-1710922538 .grid-col-1-4{height: 150px}\n    #banner-grid-1710922538 .grid-col-3-4{height: 450px}\n\n\n    \n    \n\n  <\/style>\n    <\/div>\n  \n\n  <div class=\"banner has-hover\" id=\"banner-939161180\">\n          <div class=\"banner-inner fill\">\n        <div class=\"banner-bg fill\" >\n                                                \n                    <\/div>\n\t\t\n        <div class=\"banner-layers container\">\n            <div class=\"fill banner-link\"><\/div>            \n   <div id=\"text-box-1560534925\" class=\"text-box banner-layer x50 md-x50 lg-x50 y50 md-y50 lg-y50 res-text\">\n                                <div class=\"text-box-content text dark\">\n              \n              <div class=\"text-inner text-left\">\n                  \n<div class=\"container section-title-container\" ><h3 class=\"section-title section-title-center\"><b><\/b><span class=\"section-title-main\" >A propos de La Kaz Joie de Vivre<\/span><b><\/b><\/h3><\/div>\n\t<div id=\"text-461866281\" class=\"text\">\n\t\t\n<p class=\"lead\" style=\"text-align: center;\">Ce concept hybride m\u00eale activit\u00e9s p\u00e9dagogiques, culturelles et citoyenne au sein d\u2019un lieu convivial et \u00e9co-responsable, fond\u00e9 sur la diversit\u00e9 des ressources de ses membres.<\/p>\n\t\t\n<style>\n#text-461866281 {\n  text-align: center;\n}\n<\/style>\n\t<\/div>\n\t\n              <\/div>\n           <\/div>\n                            \n<style>\n#text-box-1560534925 {\n  width: 91%;\n}\n#text-box-1560534925 .text-box-content {\n  font-size: 100%;\n}\n<\/style>\n    <\/div>\n \n        <\/div>\n      <\/div>\n\n            \n<style>\n#banner-939161180 {\n  padding-top: 337px;\n}\n<\/style>\n  <\/div>\n\n\n\t\t<\/div>\n\n\t\t\n<style>\n#section_2055703773 {\n  padding-top: 4px;\n  padding-bottom: 4px;\n  background-color: rgb(237, 239, 241);\n}\n<\/style>\n\t<\/section>\n\t\n\n<div class=\"container section-title-container\" style=\"margin-top:56px;\"><h3 class=\"section-title section-title-center\"><b><\/b><span class=\"section-title-main\" >Notre but<\/span><b><\/b><\/h3><\/div>\n<div class=\"row align-middle align-center\"  id=\"row-1986326481\">\n\n\t<div id=\"col-1082209695\" class=\"col medium-11 small-12 large-11\"  >\n\t\t\t\t<div class=\"col-inner text-center\"  >\n\t\t\t\n\t\t\t\n\t<div id=\"text-4241400246\" class=\"text\">\n\t\t\n<p>Notre concept vise \u00e0 contribuer \u00e0 un cheminement vers un changement de vision :<\/p>\n<ul>\nComment mieux vivre ensemble<br \/>\nL&rsquo;apprentissage dans le plaisir<br \/>\nDu jeu : pour les adultes et les enfants\n<\/ul>\n<p>Ensemble, on peut avance pour vivre en harmonie avec soi-m\u00eame, les autres, et la nature. Dans le centre de ce projet sont les notions de joie, de plaisir, de partage, de convivialit\u00e9.<\/p>\n\t\t\n<style>\n#text-4241400246 {\n  text-align: center;\n}\n<\/style>\n\t<\/div>\n\t\n\t<div id=\"gap-554042668\" class=\"gap-element clearfix\" style=\"display:block; height:auto;\">\n\t\t\n<style>\n#gap-554042668 {\n  padding-top: 63px;\n}\n<\/style>\n\t<\/div>\n\t\n\t\t<\/div>\n\t\t\t\t\t<\/div>\n\n\t\n<\/div>\n\n  <div class=\"banner has-hover\" id=\"banner-1093915942\">\n          <div class=\"banner-inner fill\">\n        <div class=\"banner-bg fill\" >\n                                                \n                    <\/div>\n\t\t\n        <div class=\"banner-layers container\">\n            <div class=\"fill banner-link\"><\/div>            \n   <div id=\"text-box-171433756\" class=\"text-box banner-layer x50 md-x50 lg-x50 y50 md-y50 lg-y50 res-text\">\n                                <div class=\"text-box-content text dark\">\n              \n              <div class=\"text-inner text-left\">\n                  \n<div class=\"container section-title-container\" ><h3 class=\"section-title section-title-center\"><b><\/b><span class=\"section-title-main\" >\ud83c\udfe0 O\u00f9 pouvez-vous nous trouver :<\/span><b><\/b><\/h3><\/div>\n\t<div id=\"text-1226087944\" class=\"text\">\n\t\t\n<p style=\"text-align: center;\"><span style=\"font-size: 130%;\">Les mardis, nous proposons une programmation vari\u00e9e pour les petits et grands \u00e0 la Maison de Quartier Camp Magloire (chemin Valentin Abral) \u00e0 la Possession&#8230;<\/span><\/p>\n\t\t\n<style>\n#text-1226087944 {\n  text-align: center;\n}\n<\/style>\n\t<\/div>\n\t\n              <\/div>\n           <\/div>\n                            \n<style>\n#text-box-171433756 {\n  width: 91%;\n}\n#text-box-171433756 .text-box-content {\n  font-size: 100%;\n}\n<\/style>\n    <\/div>\n \n        <\/div>\n      <\/div>\n\n            \n<style>\n#banner-1093915942 {\n  padding-top: 337px;\n}\n<\/style>\n  <\/div>\n\n\n<div class=\"row row-collapse row-full-width\"  id=\"row-933101769\">\n\n<style>\n#row-933101769 > .col > .col-inner {\n  background-color: rgb(59, 157, 184);\n}\n<\/style>\n<\/div>\n\t<div id=\"gap-773831258\" class=\"gap-element clearfix\" style=\"display:block; height:auto;\">\n\t\t\n<style>\n#gap-773831258 {\n  padding-top: 63px;\n}\n<\/style>\n\t<\/div>\n\t\n<div class=\"container section-title-container\" style=\"margin-top:10px;\"><h3 class=\"section-title section-title-bold-center\"><b><\/b><span class=\"section-title-main\" >Nos derniers ateliers \/ formations<\/span><b><\/b><\/h3><\/div>\nUne erreur s'est produite lors de la r\u00e9cup\u00e9ration du m\u00e9dia\n\t<div id=\"gap-81979427\" class=\"gap-element clearfix\" style=\"display:block; height:auto;\">\n\t\t\n<style>\n#gap-81979427 {\n  padding-top: 60px;\n}\n<\/style>\n\t<\/div>\n\t\n\n  <div class=\"banner has-hover\" id=\"banner-820678024\">\n          <div class=\"banner-inner fill\">\n        <div class=\"banner-bg fill\" >\n                                                \n                    <\/div>\n\t\t\n        <div class=\"banner-layers container\">\n            <div class=\"fill banner-link\"><\/div>            \n   <div id=\"text-box-215428088\" class=\"text-box banner-layer x50 md-x50 lg-x50 y50 md-y50 lg-y50 res-text\">\n                                <div class=\"text-box-content text dark\">\n              \n              <div class=\"text-inner text-left\">\n                  \n\t<div id=\"text-1274505051\" class=\"text\">\n\t\t\n<h3><a href=\"https:\/\/joiedevivre.re\/nos-atelier-a-venir\/\">Trouvez nos ateliers \u00e0 venir ICI<\/a><\/h3>\n\t\t\n<style>\n#text-1274505051 {\n  text-align: center;\n}\n<\/style>\n\t<\/div>\n\t\n              <\/div>\n           <\/div>\n                            \n<style>\n#text-box-215428088 {\n  width: 91%;\n}\n#text-box-215428088 .text-box-content {\n  font-size: 100%;\n}\n<\/style>\n    <\/div>\n \n        <\/div>\n      <\/div>\n\n            \n<style>\n#banner-820678024 {\n  padding-top: 200px;\n}\n<\/style>\n  <\/div>\n\n\n\t<div id=\"gap-564556748\" class=\"gap-element clearfix\" style=\"display:block; height:auto;\">\n\t\t\n<style>\n#gap-564556748 {\n  padding-top: 80px;\n}\n<\/style>\n\t<\/div>\n\t\n\n\t<section class=\"section\" id=\"section_766852061\">\n\t\t<div class=\"section-bg fill\" >\n\t\t\t\t\t\t\t\t\t\n\t\t\t\n\n\t\t<\/div>\n\n\t\t\n\n\t\t<div class=\"section-content relative\">\n\t\t\t\n<div class=\"row row-divided\"  id=\"row-1023829612\">\n\n\t<div id=\"col-767408696\" class=\"col medium-4 small-12 large-4\"  data-animate=\"fadeInUp\">\n\t\t\t\t<div class=\"col-inner text-center\"  >\n\t\t\t\n\t\t\t\n\n\t<a class=\"plain\" href=\"https:\/\/joiedevivre.re\/nous-contacter\/\" >\t<div class=\"icon-box featured-box icon-box-center text-center\"  style=\"margin:px px px px;\">\n\t\t\t\t\t<div class=\"icon-box-img has-icon-bg\" style=\"width: 51px\">\n\t\t\t\t<div class=\"icon\">\n\t\t\t\t\t<div class=\"icon-inner\" style=\"border-width:3px;\">\n\t\t\t\t\t\t<?xml version=\"1.0\" encoding=\"iso-8859-1\"?>\r\n<!-- Generator: Adobe Illustrator 19.0.0, SVG Export Plug-In . SVG Version: 6.00 Build 0)  -->\r\n<svg version=\"1.1\" id=\"Capa_1\" xmlns=\"http:\/\/www.w3.org\/2000\/svg\" xmlns:xlink=\"http:\/\/www.w3.org\/1999\/xlink\" x=\"0px\" y=\"0px\"\r\n\t viewBox=\"0 0 512.001 512.001\" style=\"enable-background:new 0 0 512.001 512.001;\" xml:space=\"preserve\">\r\n<g>\r\n\t<g>\r\n\t\t<path d=\"M498.808,377.784l-63.633-63.647c-16.978-16.978-46.641-17.007-63.647,0l-10.611,10.611l127.284,127.277l10.607-10.607\r\n\t\t\tC516.427,423.798,516.368,395.314,498.808,377.784z\"\/>\r\n\t<\/g>\r\n<\/g>\r\n<g>\r\n\t<g>\r\n\t\t<path d=\"M339.116,345.37c-13.39,10.373-32.492,9.959-44.727-2.303L168.572,217.163c-12.263-12.263-12.676-31.379-2.303-44.736\r\n\t\t\tL39.278,45.443c-54.631,63.68-52.495,159.633,7.8,219.928l199.103,199.19c57.86,57.858,152.635,65.532,219.932,7.797\r\n\t\t\tL339.116,345.37z\"\/>\r\n\t<\/g>\r\n<\/g>\r\n<g>\r\n\t<g>\r\n\t\t<path d=\"M197.503,76.391L133.87,12.744c-16.978-16.978-46.641-17.007-63.647,0L59.612,23.355l127.284,127.277l10.607-10.608\r\n\t\t\tC215.121,122.406,215.063,93.922,197.503,76.391z\"\/>\r\n\t<\/g>\r\n<\/g>\r\n<g>\r\n<\/g>\r\n<g>\r\n<\/g>\r\n<g>\r\n<\/g>\r\n<g>\r\n<\/g>\r\n<g>\r\n<\/g>\r\n<g>\r\n<\/g>\r\n<g>\r\n<\/g>\r\n<g>\r\n<\/g>\r\n<g>\r\n<\/g>\r\n<g>\r\n<\/g>\r\n<g>\r\n<\/g>\r\n<g>\r\n<\/g>\r\n<g>\r\n<\/g>\r\n<g>\r\n<\/g>\r\n<g>\r\n<\/g>\r\n<\/svg>\r\n\t\t\t\t\t<\/div>\n\t\t\t\t<\/div>\n\t\t\t<\/div>\n\t\t\t\t<div class=\"icon-box-text last-reset\">\n\t\t\t\t\t\t\t\t\t\n<h3>Nous contacter<\/h3>\n<p>N&rsquo;h\u00e9sitez pas \u00e0 nous contacter par mail ou sur les r\u00e9seaux sociaux<\/p>\n\t\t<\/div>\n\t<\/div>\n\t<\/a>\n\t\n\t\t<\/div>\n\t\t\t\t\t<\/div>\n\n\t\n\n\t<div id=\"col-327293344\" class=\"col medium-4 small-12 large-4\"  data-animate=\"fadeInUp\">\n\t\t\t\t<div class=\"col-inner text-center\"  >\n\t\t\t\n\t\t\t\n\n\t<a class=\"plain\" href=\"https:\/\/www.helloasso.com\/associations\/la-kaz-joie-de-vivre\/formulaires\/3\" target=\"_blank\" rel=\"noopener\" >\t<div class=\"icon-box featured-box icon-box-center text-center\"  style=\"margin:px px px px;\">\n\t\t\t\t\t<div class=\"icon-box-img has-icon-bg\" style=\"width: 51px\">\n\t\t\t\t<div class=\"icon\">\n\t\t\t\t\t<div class=\"icon-inner\" style=\"border-width:3px;\">\n\t\t\t\t\t\t<?xml version=\"1.0\" encoding=\"iso-8859-1\"?>\r\n<!-- Generator: Adobe Illustrator 19.0.0, SVG Export Plug-In . SVG Version: 6.00 Build 0)  -->\r\n<svg version=\"1.1\" id=\"Capa_1\" xmlns=\"http:\/\/www.w3.org\/2000\/svg\" xmlns:xlink=\"http:\/\/www.w3.org\/1999\/xlink\" x=\"0px\" y=\"0px\"\r\n\t viewBox=\"0 0 512 512\" style=\"enable-background:new 0 0 512 512;\" xml:space=\"preserve\">\r\n<g>\r\n\t<g>\r\n\t\t<polygon points=\"339.392,258.624 512,367.744 512,144.896 \t\t\"\/>\r\n\t<\/g>\r\n<\/g>\r\n<g>\r\n\t<g>\r\n\t\t<polygon points=\"0,144.896 0,367.744 172.608,258.624 \t\t\"\/>\r\n\t<\/g>\r\n<\/g>\r\n<g>\r\n\t<g>\r\n\t\t<path d=\"M480,80H32C16.032,80,3.36,91.904,0.96,107.232L256,275.264l255.04-168.032C508.64,91.904,495.968,80,480,80z\"\/>\r\n\t<\/g>\r\n<\/g>\r\n<g>\r\n\t<g>\r\n\t\t<path d=\"M310.08,277.952l-45.28,29.824c-2.688,1.76-5.728,2.624-8.8,2.624c-3.072,0-6.112-0.864-8.8-2.624l-45.28-29.856\r\n\t\t\tL1.024,404.992C3.488,420.192,16.096,432,32,432h448c15.904,0,28.512-11.808,30.976-27.008L310.08,277.952z\"\/>\r\n\t<\/g>\r\n<\/g>\r\n<g>\r\n<\/g>\r\n<g>\r\n<\/g>\r\n<g>\r\n<\/g>\r\n<g>\r\n<\/g>\r\n<g>\r\n<\/g>\r\n<g>\r\n<\/g>\r\n<g>\r\n<\/g>\r\n<g>\r\n<\/g>\r\n<g>\r\n<\/g>\r\n<g>\r\n<\/g>\r\n<g>\r\n<\/g>\r\n<g>\r\n<\/g>\r\n<g>\r\n<\/g>\r\n<g>\r\n<\/g>\r\n<g>\r\n<\/g>\r\n<\/svg>\r\n\t\t\t\t\t<\/div>\n\t\t\t\t<\/div>\n\t\t\t<\/div>\n\t\t\t\t<div class=\"icon-box-text last-reset\">\n\t\t\t\t\t\t\t\t\t\n<h3>Don<\/h3>\n<p>Participez \u00e0 notre projet en faisant une donation \u00e0 La Kaz Joie de Vivre<\/p>\n\t\t<\/div>\n\t<\/div>\n\t<\/a>\n\t\n\t\t<\/div>\n\t\t\t\t\t<\/div>\n\n\t\n\n\t<div id=\"col-827800504\" class=\"col medium-4 small-12 large-4\"  data-animate=\"fadeInUp\">\n\t\t\t\t<div class=\"col-inner text-center\"  >\n\t\t\t\n\t\t\t\n\n\t<a class=\"plain\" href=\"https:\/\/joiedevivre.re\/nos-sponsors\/\" >\t<div class=\"icon-box featured-box icon-box-center text-center\"  style=\"margin:px px px px;\">\n\t\t\t\t\t<div class=\"icon-box-img has-icon-bg\" style=\"width: 51px\">\n\t\t\t\t<div class=\"icon\">\n\t\t\t\t\t<div class=\"icon-inner\" style=\"border-width:3px;\">\n\t\t\t\t\t\t<?xml version=\"1.0\" encoding=\"utf-8\"?>\r\n<!-- Generator: Adobe Illustrator 24.3.0, SVG Export Plug-In . SVG Version: 6.00 Build 0)  -->\r\n<svg version=\"1.1\" id=\"Layer_1\" xmlns=\"http:\/\/www.w3.org\/2000\/svg\" xmlns:xlink=\"http:\/\/www.w3.org\/1999\/xlink\" x=\"0px\" y=\"0px\"\r\n\t viewBox=\"0 0 512 512\" style=\"enable-background:new 0 0 512 512;\" xml:space=\"preserve\">\r\n<g>\r\n\t<path d=\"M105,151C47.1,151,0,198.1,0,256c0,30.4,13,57.8,33.6,76.9c10.7-18.7,28.3-32.3,48.5-38.2C68.9,286.9,60,272.5,60,256\r\n\t\tc0-24.8,20.2-45,45-45s45,20.2,45,45c0,16.5-8.9,30.9-22.2,38.8c20.3,5.9,37.8,19.5,48.5,38.2C197,313.8,210,286.4,210,256\r\n\t\tC210,198.1,162.9,151,105,151z\"\/>\r\n\t<path d=\"M105,321.5c-19.6,0-37.6,11.2-46.6,28.6c14,7,29.9,10.9,46.6,10.9s32.5-3.9,46.6-10.9C142.6,332.6,124.6,321.5,105,321.5z\"\r\n\t\t\/>\r\n\t<circle cx=\"105\" cy=\"256\" r=\"15\"\/>\r\n\t<path d=\"M335.6,181.9c10.7-18.7,28.3-32.3,48.5-38.2c-13.3-7.8-22.2-22.3-22.2-38.8c0-24.8,20.2-45,45-45s45,20.2,45,45\r\n\t\tc0,16.5-8.9,30.9-22.2,38.8c20.3,5.9,37.8,19.5,48.5,38.2C499,162.8,512,135.4,512,105C512,47.1,464.9,0,407,0S302,47.1,302,105\r\n\t\tC302,135.4,315,162.8,335.6,181.9z\"\/>\r\n\t<path d=\"M360.4,199.1c14,7,29.9,10.9,46.6,10.9s32.5-3.9,46.6-10.9c-9-17.4-27-28.6-46.6-28.6S369.4,181.6,360.4,199.1z\"\/>\r\n\t<circle cx=\"407\" cy=\"105\" r=\"15\"\/>\r\n\t<path d=\"M407,302c-57.9,0-105,47.1-105,105c0,30.4,13,57.8,33.6,76.9c10.7-18.7,28.3-32.3,48.5-38.2c-13.3-7.8-22.2-22.3-22.2-38.8\r\n\t\tc0-24.8,20.2-45,45-45s45,20.2,45,45c0,16.5-8.9,30.9-22.2,38.8c20.3,5.9,37.8,19.5,48.5,38.2C499,464.8,512,437.4,512,407\r\n\t\tC512,349.1,464.9,302,407,302z\"\/>\r\n\t<path d=\"M407,472.5c-19.6,0-37.6,11.2-46.6,28.6c14,7,29.9,10.9,46.6,10.9s32.5-3.9,46.6-10.9C444.6,483.6,426.6,472.5,407,472.5z\"\r\n\t\t\/>\r\n\t<circle cx=\"407\" cy=\"407\" r=\"15\"\/>\r\n\t<path d=\"M213.6,176c5.9,8,11,16.7,15,26l58.9-34c-4.7-8.9-8.4-18.3-11.1-28.3L213.6,176z\"\/>\r\n\t<path d=\"M213.6,336l62.9,36.3c2.6-9.9,6.4-19.4,11.1-28.3l-58.9-34C224.6,319.3,219.6,328,213.6,336L213.6,336z\"\/>\r\n<\/g>\r\n<\/svg>\r\n\t\t\t\t\t<\/div>\n\t\t\t\t<\/div>\n\t\t\t<\/div>\n\t\t\t\t<div class=\"icon-box-text last-reset\">\n\t\t\t\t\t\t\t\t\t\n<h3>Nos sponsors<\/h3>\n<p>Voir la liste des partenaires \u00e0 l&rsquo;association La Kaz Joie de Vivre<\/p>\n\t\t<\/div>\n\t<\/div>\n\t<\/a>\n\t\n\t\t<\/div>\n\t\t\t\t\t<\/div>\n\n\t\n<\/div>\n\t\t<\/div>\n\n\t\t\n<style>\n#section_766852061 {\n  padding-top: 30px;\n  padding-bottom: 30px;\n  background-color: rgb(255, 255, 255);\n}\n<\/style>\n\t<\/section>\n\t\n","protected":false},"excerpt":{"rendered":"","protected":false},"author":1,"featured_media":0,"parent":0,"menu_order":0,"comment_status":"closed","ping_status":"closed","template":"page-blank.php","meta":{"inline_featured_image":false,"footnotes":""},"class_list":["post-6","page","type-page","status-publish","hentry"],"_links":{"self":[{"href":"https:\/\/joiedevivre.re\/index.php?rest_route=\/wp\/v2\/pages\/6","targetHints":{"allow":["GET"]}}],"collection":[{"href":"https:\/\/joiedevivre.re\/index.php?rest_route=\/wp\/v2\/pages"}],"about":[{"href":"https:\/\/joiedevivre.re\/index.php?rest_route=\/wp\/v2\/types\/page"}],"author":[{"embeddable":true,"href":"https:\/\/joiedevivre.re\/index.php?rest_route=\/wp\/v2\/users\/1"}],"replies":[{"embeddable":true,"href":"https:\/\/joiedevivre.re\/index.php?rest_route=%2Fwp%2Fv2%2Fcomments&post=6"}],"version-history":[{"count":94,"href":"https:\/\/joiedevivre.re\/index.php?rest_route=\/wp\/v2\/pages\/6\/revisions"}],"predecessor-version":[{"id":1109,"href":"https:\/\/joiedevivre.re\/index.php?rest_route=\/wp\/v2\/pages\/6\/revisions\/1109"}],"wp:attachment":[{"href":"https:\/\/joiedevivre.re\/index.php?rest_route=%2Fwp%2Fv2%2Fmedia&parent=6"}],"curies":[{"name":"wp","href":"https:\/\/api.w.org\/{rel}","templated":true}]}}