{"id":68,"date":"2020-10-25T20:25:18","date_gmt":"2020-10-25T19:25:18","guid":{"rendered":"https:\/\/joiedevivre.re\/?page_id=68"},"modified":"2022-09-01T23:34:46","modified_gmt":"2022-09-01T21:34:46","slug":"notre-mission","status":"publish","type":"page","link":"https:\/\/joiedevivre.re\/?page_id=68","title":{"rendered":"Notre Mission"},"content":{"rendered":"\n<div class=\"row\"  id=\"row-1476356504\">\n\n\n\t<div id=\"col-1339986053\" class=\"col small-12 large-12\"  >\n\t\t\t\t<div class=\"col-inner\"  >\n\t\t\t\n\t\t\t\n\n<div class=\"container section-title-container\" ><h3 class=\"section-title section-title-normal\"><b><\/b><span class=\"section-title-main\" >Notre mission<\/span><b><\/b><\/h3><\/div>\n\n<p>L\u2019\u00eatre humain est d\u2019abord un enfant avant de devenir adulte gr\u00e2ce \u00e0 l\u2019accompagnement bienveillant de chacun. Mais l\u2019enfant n\u2019est pas un adulte. Par nature, l\u2019Homme est un \u00eatre social amen\u00e9 \u00e0 entrer en relation avec les autres.<\/p>\n<ul>\n<li>Mais comment apprendre \u00e0 vivre en soci\u00e9t\u00e9 si nous ne sommes pas capables de trouver un \u00e9quilibre en nous- m\u00eame ?<\/li>\n<li>Et qu&rsquo;est-ce que r\u00e9ussir aujourd&rsquo;hui ? Avoir un travail tr\u00e8s r\u00e9mun\u00e9r\u00e9, une grande maison, une voiture de luxe ?\u00a0<\/li>\n<li>Pour un enfant, est-ce avoir les meilleures notes ? Le plus de dipl\u00f4mes ?\u00a0<\/li>\n<li>Pour r\u00e9ussir, faut-il agir au d\u00e9triment des autres ? \u00catre le meilleur ?<\/li>\n<\/ul>\n<p>Cela pose la question de savoir quelles sont nos priorit\u00e9s dans la vie.\u00a0 Et s\u2019il existait un lieu qui permette \u00e0 chacun de trouver sens \u00e0 sa vie, de savoir qui il est, ce qu\u2019il veut ?<\/p>\n<p>Seule une personne qui sait s\u2019\u00e9couter, comprendre ce qu\u2019elle vit peut r\u00e9ellement avoir le souci de ce que vit et ressent l&rsquo;autre, favorisant des relations plus sereines. Ainsi construit, nous pouvons alors conqu\u00e9rir n\u2019importe quel savoir, et ce, tout au long de la vie.<\/p>\n\t<div id=\"gap-795247148\" class=\"gap-element clearfix\" style=\"display:block; height:auto;\">\n\t\t\n<style>\n#gap-795247148 {\n  padding-top: 80px;\n}\n<\/style>\n\t<\/div>\n\t\n\n<div class=\"row\"  id=\"row-951154735\">\n\n\n\t<div id=\"col-1241048243\" class=\"col medium-6 small-12 large-6\"  >\n\t\t\t\t<div class=\"col-inner\"  >\n\t\t\t\n\t\t\t\n\n<h3>Apprentissage<\/h3>\n<p>Et s\u2019il existait un lieu qui permettre de nourrir l\u2019intelligence de chacun ?<br \/>\nPour beaucoup de monde, le jeu est r\u00e9serv\u00e9 aux enfants, et le travail, l\u2019apprentissage au labeur. Et si nous transformions ce paradigme\u00a0?<\/p>\n\n\t\t<\/div>\n\t\t\t\t\t<\/div>\n\n\t\n\n\t<div id=\"col-196203227\" class=\"col medium-6 small-12 large-6\"  >\n\t\t\t\t<div class=\"col-inner\"  >\n\t\t\t\n\t\t\t\n\n\n  <div class=\"banner has-hover\" id=\"banner-596795851\">\n          <div class=\"banner-inner fill\">\n        <div class=\"banner-bg fill\" >\n            <img loading=\"lazy\" decoding=\"async\" width=\"1000\" height=\"627\" src=\"https:\/\/joiedevivre.re\/wp-content\/uploads\/2020\/10\/hands-img.jpg\" class=\"bg\" alt=\"\" srcset=\"https:\/\/joiedevivre.re\/wp-content\/uploads\/2020\/10\/hands-img.jpg 1000w, https:\/\/joiedevivre.re\/wp-content\/uploads\/2020\/10\/hands-img-300x188.jpg 300w, https:\/\/joiedevivre.re\/wp-content\/uploads\/2020\/10\/hands-img-768x482.jpg 768w\" sizes=\"auto, (max-width: 1000px) 100vw, 1000px\" \/>                                    \n                    <\/div>\n\t\t\n        <div class=\"banner-layers container\">\n            <div class=\"fill banner-link\"><\/div>            \n\n   <div id=\"text-box-1564779833\" class=\"text-box banner-layer x50 md-x50 lg-x50 y50 md-y50 lg-y50 res-text\">\n                                <div class=\"text-box-content text dark\">\n              \n              <div class=\"text-inner text-center\">\n                  \n\n\n              <\/div>\n           <\/div>\n                            \n<style>\n#text-box-1564779833 {\n  width: 60%;\n}\n#text-box-1564779833 .text-box-content {\n  font-size: 100%;\n}\n<\/style>\n    <\/div>\n \n\n        <\/div>\n      <\/div>\n\n            \n<style>\n#banner-596795851 {\n  padding-top: 250px;\n}\n<\/style>\n  <\/div>\n\n\n\n\t\t<\/div>\n\t\t\t\t\t<\/div>\n\n\t\n\n<\/div>\n<div class=\"row\"  id=\"row-2057661258\">\n\n\n\t<div id=\"col-1074947950\" class=\"col medium-6 small-12 large-6\"  >\n\t\t\t\t<div class=\"col-inner\"  >\n\t\t\t\n\t\t\t\n\n<h3>Environnement<\/h3>\n<p>L\u2019\u00e9quilibre de notre plan\u00e8te est menac\u00e9. La Nature a besoin d\u2019\u00eatre respect\u00e9e, pr\u00e9serv\u00e9e. Et s\u2019il existait un lieu qui permette de renouer avec elle\u00a0?<\/p>\n\n\t\t<\/div>\n\t\t\t\t\t<\/div>\n\n\t\n\n\t<div id=\"col-1341370512\" class=\"col medium-6 small-12 large-6\"  >\n\t\t\t\t<div class=\"col-inner\"  >\n\t\t\t\n\t\t\t\n\n\n  <div class=\"banner has-hover\" id=\"banner-573095809\">\n          <div class=\"banner-inner fill\">\n        <div class=\"banner-bg fill\" >\n            <img loading=\"lazy\" decoding=\"async\" width=\"960\" height=\"720\" src=\"https:\/\/joiedevivre.re\/wp-content\/uploads\/2020\/10\/team-386673_960_720.jpg\" class=\"bg\" alt=\"\" srcset=\"https:\/\/joiedevivre.re\/wp-content\/uploads\/2020\/10\/team-386673_960_720.jpg 960w, https:\/\/joiedevivre.re\/wp-content\/uploads\/2020\/10\/team-386673_960_720-300x225.jpg 300w, https:\/\/joiedevivre.re\/wp-content\/uploads\/2020\/10\/team-386673_960_720-768x576.jpg 768w\" sizes=\"auto, (max-width: 960px) 100vw, 960px\" \/>                                    \n                    <\/div>\n\t\t\n        <div class=\"banner-layers container\">\n            <div class=\"fill banner-link\"><\/div>            \n\n   <div id=\"text-box-1997711022\" class=\"text-box banner-layer x50 md-x50 lg-x50 y50 md-y50 lg-y50 res-text\">\n                                <div class=\"text-box-content text dark\">\n              \n              <div class=\"text-inner text-center\">\n                  \n\n\n              <\/div>\n           <\/div>\n                            \n<style>\n#text-box-1997711022 {\n  width: 60%;\n}\n#text-box-1997711022 .text-box-content {\n  font-size: 100%;\n}\n<\/style>\n    <\/div>\n \n\n        <\/div>\n      <\/div>\n\n            \n<style>\n#banner-573095809 {\n  padding-top: 250px;\n}\n<\/style>\n  <\/div>\n\n\n\n\t\t<\/div>\n\t\t\t\t\t<\/div>\n\n\t\n\n<\/div>\n<div class=\"row\"  id=\"row-814573194\">\n\n\n\t<div id=\"col-741818005\" class=\"col medium-6 small-12 large-6\"  >\n\t\t\t\t<div class=\"col-inner\"  >\n\t\t\t\n\t\t\t\n\n<h3>Vivre ensemble<\/h3>\n<p>Le rythme effr\u00e9n\u00e9 de vos vies d\u2019aujourd\u2019hui conduit \u00e0 perdre de vue l\u2019essentiel\u00a0: le plaisir, la solidarit\u00e9, la convivialit\u00e9, la sant\u00e9, \u2026<\/p>\n\n\t\t<\/div>\n\t\t\t\t\t<\/div>\n\n\t\n\n\t<div id=\"col-471921767\" class=\"col medium-6 small-12 large-6\"  >\n\t\t\t\t<div class=\"col-inner\"  >\n\t\t\t\n\t\t\t\n\n\n  <div class=\"banner has-hover\" id=\"banner-1797010200\">\n          <div class=\"banner-inner fill\">\n        <div class=\"banner-bg fill\" >\n            <img loading=\"lazy\" decoding=\"async\" width=\"1020\" height=\"679\" src=\"https:\/\/joiedevivre.re\/wp-content\/uploads\/2020\/10\/kaz-joie-de-vivre-tiers-lieu-pedagogique-culturel-banner-01.jpg\" class=\"bg\" alt=\"\" srcset=\"https:\/\/joiedevivre.re\/wp-content\/uploads\/2020\/10\/kaz-joie-de-vivre-tiers-lieu-pedagogique-culturel-banner-01.jpg 1024w, https:\/\/joiedevivre.re\/wp-content\/uploads\/2020\/10\/kaz-joie-de-vivre-tiers-lieu-pedagogique-culturel-banner-01-300x200.jpg 300w, https:\/\/joiedevivre.re\/wp-content\/uploads\/2020\/10\/kaz-joie-de-vivre-tiers-lieu-pedagogique-culturel-banner-01-768x512.jpg 768w\" sizes=\"auto, (max-width: 1020px) 100vw, 1020px\" \/>                                    \n                    <\/div>\n\t\t\n        <div class=\"banner-layers container\">\n            <div class=\"fill banner-link\"><\/div>            \n\n   <div id=\"text-box-1551926856\" class=\"text-box banner-layer x50 md-x50 lg-x50 y20 md-y20 lg-y20 res-text\">\n                                <div class=\"text-box-content text dark\">\n              \n              <div class=\"text-inner text-center\">\n                  \n\n\n              <\/div>\n           <\/div>\n                            \n<style>\n#text-box-1551926856 {\n  width: 60%;\n}\n#text-box-1551926856 .text-box-content {\n  font-size: 100%;\n}\n<\/style>\n    <\/div>\n \n\n        <\/div>\n      <\/div>\n\n            \n<style>\n#banner-1797010200 {\n  padding-top: 250px;\n}\n#banner-1797010200 .banner-bg img {\n  object-position: 100% 0%;\n}\n<\/style>\n  <\/div>\n\n\n\n\t\t<\/div>\n\t\t\t\t\t<\/div>\n\n\t\n\n<\/div>\n<div class=\"row\"  id=\"row-330708184\">\n\n\n\t<div id=\"col-322776980\" class=\"col medium-6 small-12 large-6\"  >\n\t\t\t\t<div class=\"col-inner\"  >\n\t\t\t\n\t\t\t\n\n<h3>Entraide<\/h3>\n<p>Et s\u2019il existait un lieu qui permette de r\u00e9pondre aux besoins de chacun ? C&rsquo;est ce champ des possibles que nous souhaitons cr\u00e9er.<\/p>\n\n\t\t<\/div>\n\t\t\t\t\t<\/div>\n\n\t\n\n\t<div id=\"col-1894737231\" class=\"col medium-6 small-12 large-6\"  >\n\t\t\t\t<div class=\"col-inner\"  >\n\t\t\t\n\t\t\t\n\n\n  <div class=\"banner has-hover\" id=\"banner-883088173\">\n          <div class=\"banner-inner fill\">\n        <div class=\"banner-bg fill\" >\n            <img loading=\"lazy\" decoding=\"async\" width=\"960\" height=\"640\" src=\"https:\/\/joiedevivre.re\/wp-content\/uploads\/2020\/10\/people-discussion-5069845_960_720.jpg\" class=\"bg\" alt=\"\" srcset=\"https:\/\/joiedevivre.re\/wp-content\/uploads\/2020\/10\/people-discussion-5069845_960_720.jpg 960w, https:\/\/joiedevivre.re\/wp-content\/uploads\/2020\/10\/people-discussion-5069845_960_720-300x200.jpg 300w, https:\/\/joiedevivre.re\/wp-content\/uploads\/2020\/10\/people-discussion-5069845_960_720-768x512.jpg 768w\" sizes=\"auto, (max-width: 960px) 100vw, 960px\" \/>                                    \n                    <\/div>\n\t\t\n        <div class=\"banner-layers container\">\n            <div class=\"fill banner-link\"><\/div>            \n\n   <div id=\"text-box-309355852\" class=\"text-box banner-layer x50 md-x50 lg-x50 y20 md-y20 lg-y20 res-text\">\n                                <div class=\"text-box-content text dark\">\n              \n              <div class=\"text-inner text-center\">\n                  \n\n\n              <\/div>\n           <\/div>\n                            \n<style>\n#text-box-309355852 {\n  width: 60%;\n}\n#text-box-309355852 .text-box-content {\n  font-size: 100%;\n}\n<\/style>\n    <\/div>\n \n\n        <\/div>\n      <\/div>\n\n            \n<style>\n#banner-883088173 {\n  padding-top: 250px;\n}\n#banner-883088173 .banner-bg img {\n  object-position: 48% 0%;\n}\n<\/style>\n  <\/div>\n\n\n\n\t\t<\/div>\n\t\t\t\t\t<\/div>\n\n\t\n\n<\/div>\n\n\t\t<\/div>\n\t\t\t\t\t<\/div>\n\n\t\n\n<\/div>\n<div class=\"row row-collapse align-equal align-center\"  id=\"row-154826439\">\n\n\n\t<div id=\"col-50576745\" class=\"col small-12 large-12\"  >\n\t\t\t\t<div class=\"col-inner\"  >\n\t\t\t\n\t\t\t\n\n<p style=\"text-align: center;\">\n\n\t<section class=\"section dark\" id=\"section_852109795\">\n\t\t<div class=\"section-bg fill\" >\n\t\t\t\t\t\t\t\t\t\n\t\t\t\n\n\t\t<\/div>\n\n\t\t\n\n\t\t<div class=\"section-content relative\">\n\t\t\t\n\n<\/p>\n<p style=\"text-align: center;\">\n<div class=\"row\"  id=\"row-1849424167\">\n\n<\/p>\n<p style=\"text-align: center;\">\n\n\t<div id=\"col-821017123\" class=\"col medium-11 small-12 large-11\"  >\n\t\t\t\t<div class=\"col-inner\"  >\n\t\t\t\n\t\t\t\n\n<\/p>\n<h3 style=\"text-align: center;\">Inscrivez-vous \u00e0 notre newsletter pour rester inform\u00e9<\/h3>\n<p style=\"text-align: center;\">Si vous souhaitez en savoir plus sur la Kaz Joie de Vivre, nos horaires, programme, et informations, inscrivez-vous d\u00e8s maintenant !<\/p>\n<p style=\"text-align: center;\">\n\n<div class=\"wpcf7 no-js\" id=\"wpcf7-f131-o1\" lang=\"fr-FR\" dir=\"ltr\" data-wpcf7-id=\"131\">\n<div class=\"screen-reader-response\"><p role=\"status\" aria-live=\"polite\" aria-atomic=\"true\"><\/p> <ul><\/ul><\/div>\n<form action=\"\/index.php?rest_route=%2Fwp%2Fv2%2Fpages%2F68#wpcf7-f131-o1\" method=\"post\" class=\"wpcf7-form init\" aria-label=\"Formulaire de contact\" novalidate=\"novalidate\" data-status=\"init\">\n<fieldset class=\"hidden-fields-container\"><input type=\"hidden\" name=\"_wpcf7\" value=\"131\" \/><input type=\"hidden\" name=\"_wpcf7_version\" value=\"6.1.5\" \/><input type=\"hidden\" name=\"_wpcf7_locale\" value=\"fr_FR\" \/><input type=\"hidden\" name=\"_wpcf7_unit_tag\" value=\"wpcf7-f131-o1\" \/><input type=\"hidden\" name=\"_wpcf7_container_post\" value=\"0\" \/><input type=\"hidden\" name=\"_wpcf7_posted_data_hash\" value=\"\" \/><input type=\"hidden\" name=\"_wpcf7_recaptcha_response\" value=\"\" \/>\n<\/fieldset>\n<div class=\"flex-row form-flat medium-flex-wrap\">\n\t<div class=\"flex-col flex-grow\">\n\t\t<p><span class=\"wpcf7-form-control-wrap\" data-name=\"your-email\"><input size=\"40\" maxlength=\"400\" class=\"wpcf7-form-control wpcf7-email wpcf7-validates-as-required wpcf7-text wpcf7-validates-as-email\" aria-required=\"true\" aria-invalid=\"false\" placeholder=\"Votre adresse email (requis)\" value=\"\" type=\"email\" name=\"your-email\" \/><\/span>\n\t\t<\/p>\n\t<\/div>\n\t<div class=\"flex-col ml-half\">\n\t\t<p><input class=\"wpcf7-form-control wpcf7-submit has-spinner button\" type=\"submit\" value=\"S&#039;inscrire \u00e0 la newsletter\" \/>\n\t\t<\/p>\n\t<\/div>\n<\/div><div class=\"wpcf7-response-output\" aria-hidden=\"true\"><\/div>\n<\/form>\n<\/div>\n\n\n<\/p>\n<p style=\"text-align: center;\">\n\n\t\t<\/div>\n\t\t\t\t\t<\/div>\n\n\t\n<\/p>\n<p style=\"text-align: center;\">\n\n<\/div>\n<\/p>\n<p style=\"text-align: center;\">\n\n\t\t<\/div>\n\n\t\t\n<style>\n#section_852109795 {\n  padding-top: 30px;\n  padding-bottom: 30px;\n  background-color: #3b9db8;\n}\n<\/style>\n\t<\/section>\n\t\n<\/p>\n\n\t\t<\/div>\n\t\t\t\t\t<\/div>\n\n\t\n\n\n<style>\n#row-154826439 > .col > .col-inner {\n  background-color: rgb(59, 157, 184);\n}\n<\/style>\n<\/div>\n\n\n\t<section class=\"section has-parallax\" id=\"section_43944846\">\n\t\t<div class=\"section-bg fill\" data-parallax-container=\".section\" data-parallax-background data-parallax=\"-2\">\n\t\t\t<img loading=\"lazy\" decoding=\"async\" width=\"2000\" height=\"1333\" src=\"https:\/\/joiedevivre.re\/wp-content\/uploads\/2022\/09\/child-adult-holding-money-jar-donation-saving-concept_49149-1117.webp\" class=\"bg\" alt=\"\" srcset=\"https:\/\/joiedevivre.re\/wp-content\/uploads\/2022\/09\/child-adult-holding-money-jar-donation-saving-concept_49149-1117.webp 2000w, https:\/\/joiedevivre.re\/wp-content\/uploads\/2022\/09\/child-adult-holding-money-jar-donation-saving-concept_49149-1117-300x200.webp 300w, https:\/\/joiedevivre.re\/wp-content\/uploads\/2022\/09\/child-adult-holding-money-jar-donation-saving-concept_49149-1117-1024x682.webp 1024w, https:\/\/joiedevivre.re\/wp-content\/uploads\/2022\/09\/child-adult-holding-money-jar-donation-saving-concept_49149-1117-768x512.webp 768w, https:\/\/joiedevivre.re\/wp-content\/uploads\/2022\/09\/child-adult-holding-money-jar-donation-saving-concept_49149-1117-1536x1024.webp 1536w\" sizes=\"auto, (max-width: 2000px) 100vw, 2000px\" \/>\t\t\t\t\t\t\n\t\t\t\n\n\t\t<\/div>\n\n\t\t\n\n\t\t<div class=\"section-content relative\">\n\t\t\t\n\n<div class=\"row\"  id=\"row-66035477\">\n\n\n\t<div id=\"col-59147689\" class=\"col medium-5 small-12 large-5\"  >\n\t\t\t\t<div class=\"col-inner text-center\"  >\n\t\t\t\n\t\t\t\n\n\t<div id=\"text-3156265934\" class=\"text\">\n\t\t\n\n<p>Si vous aimez nos prestations et travaux de La Kaz Joie de Vivre, faites un don d\u00e8s maintenant ! Vous nous aiderez \u00e0 maintenir les ateliers \"pour tous\"<\/p>\n\n\t\t\n<style>\n#text-3156265934 {\n  color: rgb(0,0,0);\n}\n#text-3156265934 > * {\n  color: rgb(0,0,0);\n}\n<\/style>\n\t<\/div>\n\t\n<a href=\"https:\/\/www.helloasso.com\/associations\/la-kaz-joie-de-vivre\/formulaires\/3\" target=\"_blank\" class=\"button primary reveal-icon\" rel=\"noopener\"  >\n\t\t<span>FAIRE un don<\/span>\n\t<i class=\"icon-heart\" aria-hidden=\"true\" ><\/i><\/a>\n\n\n\n\t\t<\/div>\n\t\t\t\t\t<\/div>\n\n\t\n\n<\/div>\n\n\t\t<\/div>\n\n\t\t\n<style>\n#section_43944846 {\n  padding-top: 126px;\n  padding-bottom: 126px;\n}\n<\/style>\n\t<\/section>\n\t\n\n\n","protected":false},"excerpt":{"rendered":"","protected":false},"author":1,"featured_media":0,"parent":0,"menu_order":0,"comment_status":"closed","ping_status":"closed","template":"page-blank.php","meta":{"inline_featured_image":false,"footnotes":""},"class_list":["post-68","page","type-page","status-publish","hentry"],"_links":{"self":[{"href":"https:\/\/joiedevivre.re\/index.php?rest_route=\/wp\/v2\/pages\/68","targetHints":{"allow":["GET"]}}],"collection":[{"href":"https:\/\/joiedevivre.re\/index.php?rest_route=\/wp\/v2\/pages"}],"about":[{"href":"https:\/\/joiedevivre.re\/index.php?rest_route=\/wp\/v2\/types\/page"}],"author":[{"embeddable":true,"href":"https:\/\/joiedevivre.re\/index.php?rest_route=\/wp\/v2\/users\/1"}],"replies":[{"embeddable":true,"href":"https:\/\/joiedevivre.re\/index.php?rest_route=%2Fwp%2Fv2%2Fcomments&post=68"}],"version-history":[{"count":11,"href":"https:\/\/joiedevivre.re\/index.php?rest_route=\/wp\/v2\/pages\/68\/revisions"}],"predecessor-version":[{"id":823,"href":"https:\/\/joiedevivre.re\/index.php?rest_route=\/wp\/v2\/pages\/68\/revisions\/823"}],"wp:attachment":[{"href":"https:\/\/joiedevivre.re\/index.php?rest_route=%2Fwp%2Fv2%2Fmedia&parent=68"}],"curies":[{"name":"wp","href":"https:\/\/api.w.org\/{rel}","templated":true}]}}